{"id":431,"date":"2024-04-07T18:33:38","date_gmt":"2024-04-07T16:33:38","guid":{"rendered":"https:\/\/entreprise-sip.com\/the-sip-company\/"},"modified":"2024-04-07T18:33:40","modified_gmt":"2024-04-07T16:33:40","slug":"the-sip-company","status":"publish","type":"page","link":"https:\/\/entreprise-sip.com\/en\/the-sip-company\/","title":{"rendered":"The SIP Company"},"content":{"rendered":"<p>[et_pb_section fb_built=&#8221;1&#8243; custom_padding_last_edited=&#8221;on|tablet&#8221; _builder_version=&#8221;4.16&#8243; _module_preset=&#8221;default&#8221; background_enable_color=&#8221;off&#8221; use_background_color_gradient=&#8221;on&#8221; background_color_gradient_stops=&#8221;rgba(23,40,69,0.17) 0%|rgba(23,40,69,0.17) 100%&#8221; background_color_gradient_overlays_image=&#8221;on&#8221; background_color_gradient_start=&#8221;rgba(23,40,69,0.17)&#8221; background_color_gradient_end=&#8221;rgba(23,40,69,0.17)&#8221; background_image=&#8221;https:\/\/www.entreprise-sip.com\/wp-content\/uploads\/2021\/10\/verne-ho-0LAJfSNa-xQ-unsplash-scaled.jpg&#8221; background_enable_video_mp4=&#8221;off&#8221; custom_padding=&#8221;15vh||15vh||true|false&#8221; custom_padding_tablet=&#8221;12vh||12vh||true|false&#8221; custom_padding_phone=&#8221;10vh||10vh||true|false&#8221; global_colors_info=&#8221;{}&#8221;][et_pb_row _builder_version=&#8221;4.16&#8243; _module_preset=&#8221;default&#8221; global_colors_info=&#8221;{}&#8221;][et_pb_column type=&#8221;4_4&#8243; _builder_version=&#8221;4.16&#8243; _module_preset=&#8221;default&#8221; global_colors_info=&#8221;{}&#8221;][et_pb_text _builder_version=&#8221;4.16&#8243; _module_preset=&#8221;default&#8221; header_font=&#8221;Poppins|600||on|||||&#8221; header_text_align=&#8221;center&#8221; header_text_color=&#8221;#FFFFFF&#8221; header_font_size=&#8221;60px&#8221; header_2_font=&#8221;Poppins|600||on|||||&#8221; header_2_text_align=&#8221;center&#8221; header_2_font_size=&#8221;45px&#8221; header_2_letter_spacing=&#8221;1px&#8221; header_2_line_height=&#8221;1.1em&#8221; header_font_size_tablet=&#8221;45px&#8221; header_font_size_phone=&#8221;35px&#8221; header_font_size_last_edited=&#8221;on|phone&#8221; header_2_font_size_tablet=&#8221;40px&#8221; header_2_font_size_phone=&#8221;25px&#8221; header_2_font_size_last_edited=&#8221;on|phone&#8221; header_text_shadow_style=&#8221;preset2&#8243; global_colors_info=&#8221;{}&#8221;]<\/p>\n<h1>The Company<\/h1>\n<p>[\/et_pb_text][\/et_pb_column][\/et_pb_row][\/et_pb_section][et_pb_section fb_built=&#8221;1&#8243; _builder_version=&#8221;4.16&#8243; _module_preset=&#8221;default&#8221; background_color=&#8221;#0F4C82&#8243; custom_margin=&#8221;0px|0px|0px|0px|false|false&#8221; custom_padding=&#8221;15px||15px||true|false&#8221; global_colors_info=&#8221;{}&#8221;][et_pb_row _builder_version=&#8221;4.16&#8243; _module_preset=&#8221;default&#8221; width=&#8221;100%&#8221; max_width=&#8221;2560px&#8221; custom_margin=&#8221;0px|0px|0px|0px|false|false&#8221; custom_padding=&#8221;0px|0px|0px|0px|false|false&#8221; global_colors_info=&#8221;{}&#8221;][et_pb_column type=&#8221;4_4&#8243; _builder_version=&#8221;4.16&#8243; _module_preset=&#8221;default&#8221; global_colors_info=&#8221;{}&#8221;][lwp_divi_breadcrumbs home_text=&#8221;Accueil&#8221; link_color=&#8221;#FFFFFF&#8221; separator_color=&#8221;#FFFFFF&#8221; current_text_color=&#8221;#FFFFFF&#8221; _builder_version=&#8221;4.16&#8243; _module_preset=&#8221;default&#8221; module_font=&#8221;Poppins|500||on|||||&#8221; module_text_align=&#8221;center&#8221; module_font_size=&#8221;15px&#8221; module_font_size_tablet=&#8221;&#8221; module_font_size_phone=&#8221;14px&#8221; module_font_size_last_edited=&#8221;on|phone&#8221; global_colors_info=&#8221;{}&#8221;][\/lwp_divi_breadcrumbs][\/et_pb_column][\/et_pb_row][\/et_pb_section][et_pb_section fb_built=&#8221;1&#8243; _builder_version=&#8221;4.16&#8243; _module_preset=&#8221;default&#8221; background_color=&#8221;#FFFFFF&#8221; custom_margin=&#8221;3vh|0px|3vh|0px|true|false&#8221; custom_padding=&#8221;3vh|0px|3vh|0px|true|false&#8221; global_colors_info=&#8221;{}&#8221;][et_pb_row column_structure=&#8221;1_2,1_2&#8243; use_custom_gutter=&#8221;on&#8221; gutter_width=&#8221;2&#8243; make_equal=&#8221;on&#8221; _builder_version=&#8221;4.16&#8243; _module_preset=&#8221;default&#8221; width_tablet=&#8221;&#8221; width_phone=&#8221;95%&#8221; width_last_edited=&#8221;on|phone&#8221; max_width=&#8221;2560px&#8221; global_colors_info=&#8221;{}&#8221;][et_pb_column type=&#8221;1_2&#8243; _builder_version=&#8221;4.16&#8243; _module_preset=&#8221;default&#8221; custom_padding=&#8221;0vh|2vh|0vh|2vh|true|false&#8221; global_colors_info=&#8221;{}&#8221;][et_pb_image src=&#8221;https:\/\/www.entreprise-sip.com\/wp-content\/uploads\/2021\/10\/black.ai-with-name.png&#8221; title_text=&#8221;black.ai with name&#8221; align=&#8221;center&#8221; _builder_version=&#8221;4.16&#8243; _module_preset=&#8221;default&#8221; width=&#8221;70%&#8221; global_colors_info=&#8221;{}&#8221;][\/et_pb_image][et_pb_text ol_item_indent=&#8221;15px&#8221; _builder_version=&#8221;4.24.2&#8243; _module_preset=&#8221;default&#8221; text_font=&#8221;Montserrat||||||||&#8221; text_text_color=&#8221;#172845&#8243; text_font_size=&#8221;16px&#8221; text_line_height=&#8221;1.5em&#8221; text_orientation=&#8221;justified&#8221; custom_margin=&#8221;0vh||||false|false&#8221; hover_enabled=&#8221;0&#8243; text_font_size_tablet=&#8221;&#8221; text_font_size_phone=&#8221;15px&#8221; text_font_size_last_edited=&#8221;on|phone&#8221; global_colors_info=&#8221;{}&#8221; sticky_enabled=&#8221;0&#8243;]<\/p>\n<p><strong>Soci\u00e9t\u00e9 d&#8217;Ing\u00e9nierie Picarde<\/strong> stands out for its expertise in the development of compact, innovative low-voltage electrical cabinets, and the creation of customized solutions for your company&#8217;s automation needs.<\/p>\n<p>In addition, our <a href=\"https:\/\/entreprise-sip.com\/en\/know-how\/\">know-how<\/a> extends from the design and manufacture of custom production equipment and specialized test benches, to the integration of industrial robots and machine vision cameras.<\/p>\n<p>We are committed to designing solutions tailored to your specific needs, whether to optimize your production process, ensure product quality through accurate and reliable testing, or implement advanced automation systems.<\/p>\n<p>From initial analysis to commissioning, our team works closely with you to provide equipment and systems that are perfectly tailored to your requirements.<\/p>\n<p>[\/et_pb_text][et_pb_button button_url=&#8221;@ET-DC@eyJkeW5hbWljIjp0cnVlLCJjb250ZW50IjoicG9zdF9saW5rX3VybF9wYWdlIiwic2V0dGluZ3MiOnsicG9zdF9pZCI6IjI0NiJ9fQ==@&#8221; button_text=&#8221;Contact us&#8221; button_alignment=&#8221;center&#8221; _builder_version=&#8221;4.16&#8243; _dynamic_attributes=&#8221;button_url&#8221; _module_preset=&#8221;default&#8221; custom_button=&#8221;on&#8221; button_text_size=&#8221;20px&#8221; button_text_color=&#8221;#FFFFFF&#8221; button_bg_color=&#8221;#0071BD&#8221; button_border_width=&#8221;0px&#8221; button_font=&#8221;Poppins|600|||||||&#8221; custom_margin=&#8221;4vh|0px|0px|0px|false|false&#8221; custom_padding=&#8221;5px|32px|5px|32px|true|true&#8221; button_text_size_tablet=&#8221;&#8221; button_text_size_phone=&#8221;17px&#8221; button_text_size_last_edited=&#8221;on|phone&#8221; global_colors_info=&#8221;{}&#8221;][\/et_pb_button][\/et_pb_column][et_pb_column type=&#8221;1_2&#8243; _builder_version=&#8221;4.16&#8243; _module_preset=&#8221;default&#8221; background_color=&#8221;#0F4C82&#8243; custom_padding=&#8221;3vw|2vh|3vw|2vh|true|true&#8221; custom_padding_tablet=&#8221;7vw||7vw||true|true&#8221; custom_padding_phone=&#8221;9vw||9vw||true|true&#8221; custom_padding_last_edited=&#8221;on|phone&#8221; global_colors_info=&#8221;{}&#8221;][et_pb_text _builder_version=&#8221;4.16&#8243; _module_preset=&#8221;default&#8221; header_2_font=&#8221;Poppins|600||on|||||&#8221; header_2_text_align=&#8221;center&#8221; header_2_text_color=&#8221;#FFFFFF&#8221; header_2_font_size=&#8221;45px&#8221; header_2_letter_spacing=&#8221;1px&#8221; header_2_line_height=&#8221;1.1em&#8221; header_2_font_size_tablet=&#8221;40px&#8221; header_2_font_size_phone=&#8221;25px&#8221; header_2_font_size_last_edited=&#8221;on|phone&#8221; global_colors_info=&#8221;{}&#8221;]<\/p>\n<h2>SIP in figures<\/h2>\n<p>[\/et_pb_text][et_pb_divider color=&#8221;#0071BD&#8221; divider_style=&#8221;dashed&#8221; divider_weight=&#8221;8px&#8221; _builder_version=&#8221;4.16&#8243; _module_preset=&#8221;default&#8221; width=&#8221;43px&#8221; module_alignment=&#8221;center&#8221; global_colors_info=&#8221;{}&#8221;][\/et_pb_divider][et_pb_number_counter title=&#8221;Machines developed in 2021&#8243; number=&#8221;30&#8243; percent_sign=&#8221;off&#8221; _builder_version=&#8221;4.16&#8243; _module_preset=&#8221;default&#8221; title_font=&#8221;Poppins|600||on|||||&#8221; title_text_align=&#8221;center&#8221; title_text_color=&#8221;#0071BD&#8221; title_font_size=&#8221;20px&#8221; number_font=&#8221;Poppins|600|||||||&#8221; number_text_color=&#8221;#FFFFFF&#8221; title_font_size_tablet=&#8221;&#8221; title_font_size_phone=&#8221;18px&#8221; title_font_size_last_edited=&#8221;on|phone&#8221; number_font_size_tablet=&#8221;&#8221; number_font_size_phone=&#8221;55px&#8221; number_font_size_last_edited=&#8221;on|phone&#8221; global_colors_info=&#8221;{}&#8221;][\/et_pb_number_counter][et_pb_number_counter title=&#8221;Sales in 2021&#8243; number=&#8221;+350&#8243; _builder_version=&#8221;4.16&#8243; _module_preset=&#8221;default&#8221; title_font=&#8221;Poppins|600||on|||||&#8221; title_text_align=&#8221;center&#8221; title_text_color=&#8221;#0071BD&#8221; title_font_size=&#8221;20px&#8221; number_font=&#8221;Poppins|600|||||||&#8221; number_text_color=&#8221;#FFFFFF&#8221; title_font_size_tablet=&#8221;&#8221; title_font_size_phone=&#8221;18px&#8221; title_font_size_last_edited=&#8221;on|phone&#8221; number_font_size_tablet=&#8221;&#8221; number_font_size_phone=&#8221;55px&#8221; number_font_size_last_edited=&#8221;on|phone&#8221; global_colors_info=&#8221;{}&#8221;][\/et_pb_number_counter][et_pb_number_counter title=&#8221;Committed to your projects&#8221; number=&#8221;100&#8243; _builder_version=&#8221;4.16&#8243; _module_preset=&#8221;default&#8221; title_font=&#8221;Poppins|600||on|||||&#8221; title_text_align=&#8221;center&#8221; title_text_color=&#8221;#0071BD&#8221; title_font_size=&#8221;20px&#8221; number_font=&#8221;Poppins|600|||||||&#8221; number_text_color=&#8221;#FFFFFF&#8221; title_font_size_tablet=&#8221;&#8221; title_font_size_phone=&#8221;18px&#8221; title_font_size_last_edited=&#8221;on|phone&#8221; number_font_size_tablet=&#8221;&#8221; number_font_size_phone=&#8221;55px&#8221; number_font_size_last_edited=&#8221;on|phone&#8221; global_colors_info=&#8221;{}&#8221;][\/et_pb_number_counter][\/et_pb_column][\/et_pb_row][\/et_pb_section]<\/p>\n","protected":false},"excerpt":{"rendered":"<p>The Company<div class=\"et_pb_module lwp_divi_breadcrumbs lwp_divi_breadcrumbs_0\">\n\t\t\t\t\n\t\t\t\t\n\t\t\t\t\n\t\t\t\t\n\t\t\t\t\n\t\t\t\t\n\t\t\t\t<div class=\"et_pb_module_inner\">\n\t\t\t\t\t<div class=\"lwp-breadcrumbs\"> <span class=\"before\"><\/span> <span vocab=\"https:\/\/schema.org\/\" typeof=\"BreadcrumbList\"><span property=\"itemListElement\" typeof=\"ListItem\"><a property=\"item\" typeof=\"WebPage\" href=\"https:\/\/entreprise-sip.com\/en\/\" class=\"home\"><span property=\"name\">Accueil<\/span><\/a><meta property=\"position\" content=\"1\"><\/span> <span class=\"separator et-pb-icon\">&#x39;<\/span> <\/span><\/div>\n\t\t\t\t<\/div>\n\t\t\t<\/div>Soci\u00e9t\u00e9 d&#8217;Ing\u00e9nierie Picarde stands out for its expertise in the development of compact, innovative low-voltage electrical cabinets, and the creation of customized solutions for your company&#8217;s automation needs. In addition, our know-how extends from the design and manufacture of custom production [&hellip;]<\/p>\n","protected":false},"author":1,"featured_media":0,"parent":0,"menu_order":0,"comment_status":"closed","ping_status":"closed","template":"","meta":{"_et_pb_use_builder":"on","_et_pb_old_content":"","_et_gb_content_width":"","inline_featured_image":false,"footnotes":""},"class_list":["post-431","page","type-page","status-publish","hentry"],"yoast_head":"<!-- This site is optimized with the Yoast SEO plugin v22.4 - https:\/\/yoast.com\/wordpress\/plugins\/seo\/ -->\n<title>SIP PICARDIE - Soci\u00e9t\u00e9 d&#039;Ing\u00e9nierie Picarde<\/title>\n<meta name=\"description\" content=\"Soci\u00e9t\u00e9 d&#039;Ing\u00e9nierie Picarde specializes in the development of compact, innovative low-voltage electrical cabinets and customized solutions for your company&#039;s automation needs.\" \/>\n<meta name=\"robots\" content=\"index, follow, max-snippet:-1, max-image-preview:large, max-video-preview:-1\" \/>\n<link rel=\"canonical\" href=\"https:\/\/entreprise-sip.com\/en\/the-sip-company\/\" \/>\n<meta property=\"og:locale\" content=\"en_US\" \/>\n<meta property=\"og:type\" content=\"article\" \/>\n<meta property=\"og:title\" content=\"SIP PICARDIE - Soci\u00e9t\u00e9 d&#039;Ing\u00e9nierie Picarde\" \/>\n<meta property=\"og:description\" content=\"Soci\u00e9t\u00e9 d&#039;Ing\u00e9nierie Picarde specializes in the development of compact, innovative low-voltage electrical cabinets and customized solutions for your company&#039;s automation needs.\" \/>\n<meta property=\"og:url\" content=\"https:\/\/entreprise-sip.com\/en\/the-sip-company\/\" \/>\n<meta property=\"og:site_name\" content=\"SIP PICARDIE - Soci\u00e9t\u00e9 d&#039;Ing\u00e9nierie Picarde\" \/>\n<meta property=\"article:modified_time\" content=\"2024-04-07T16:33:40+00:00\" \/>\n<meta name=\"twitter:card\" content=\"summary_large_image\" \/>\n<meta name=\"twitter:label1\" content=\"Est. reading time\" \/>\n\t<meta name=\"twitter:data1\" content=\"6 minutes\" \/>\n<script type=\"application\/ld+json\" class=\"yoast-schema-graph\">{\"@context\":\"https:\/\/schema.org\",\"@graph\":[{\"@type\":\"WebPage\",\"@id\":\"https:\/\/entreprise-sip.com\/en\/the-sip-company\/\",\"url\":\"https:\/\/entreprise-sip.com\/en\/the-sip-company\/\",\"name\":\"SIP PICARDIE - Soci\u00e9t\u00e9 d&#039;Ing\u00e9nierie Picarde\",\"isPartOf\":{\"@id\":\"https:\/\/entreprise-sip.com\/#website\"},\"datePublished\":\"2024-04-07T16:33:38+00:00\",\"dateModified\":\"2024-04-07T16:33:40+00:00\",\"description\":\"Soci\u00e9t\u00e9 d'Ing\u00e9nierie Picarde specializes in the development of compact, innovative low-voltage electrical cabinets and customized solutions for your company's automation needs.\",\"breadcrumb\":{\"@id\":\"https:\/\/entreprise-sip.com\/en\/the-sip-company\/#breadcrumb\"},\"inLanguage\":\"en-US\",\"potentialAction\":[{\"@type\":\"ReadAction\",\"target\":[\"https:\/\/entreprise-sip.com\/en\/the-sip-company\/\"]}]},{\"@type\":\"BreadcrumbList\",\"@id\":\"https:\/\/entreprise-sip.com\/en\/the-sip-company\/#breadcrumb\",\"itemListElement\":[{\"@type\":\"ListItem\",\"position\":1,\"name\":\"Accueil\",\"item\":\"https:\/\/entreprise-sip.com\/en\/?page_id=143\"},{\"@type\":\"ListItem\",\"position\":2,\"name\":\"The SIP Company\"}]},{\"@type\":\"WebSite\",\"@id\":\"https:\/\/entreprise-sip.com\/#website\",\"url\":\"https:\/\/entreprise-sip.com\/\",\"name\":\"SIP PICARDIE - Soci\u00e9t\u00e9 d&#039;Ing\u00e9nierie Picarde\",\"description\":\"\",\"publisher\":{\"@id\":\"https:\/\/entreprise-sip.com\/#organization\"},\"potentialAction\":[{\"@type\":\"SearchAction\",\"target\":{\"@type\":\"EntryPoint\",\"urlTemplate\":\"https:\/\/entreprise-sip.com\/?s={search_term_string}\"},\"query-input\":\"required name=search_term_string\"}],\"inLanguage\":\"en-US\"},{\"@type\":\"Organization\",\"@id\":\"https:\/\/entreprise-sip.com\/#organization\",\"name\":\"Soci\u00e9t\u00e9 d\u2019Ing\u00e9nierie Picarde\",\"url\":\"https:\/\/entreprise-sip.com\/\",\"logo\":{\"@type\":\"ImageObject\",\"inLanguage\":\"en-US\",\"@id\":\"https:\/\/entreprise-sip.com\/#\/schema\/logo\/image\/\",\"url\":\"https:\/\/entreprise-sip.com\/wp-content\/uploads\/2021\/10\/black.ai-with-name.png\",\"contentUrl\":\"https:\/\/entreprise-sip.com\/wp-content\/uploads\/2021\/10\/black.ai-with-name.png\",\"width\":2880,\"height\":1849,\"caption\":\"Soci\u00e9t\u00e9 d\u2019Ing\u00e9nierie Picarde\"},\"image\":{\"@id\":\"https:\/\/entreprise-sip.com\/#\/schema\/logo\/image\/\"}}]}<\/script>\n<!-- \/ Yoast SEO plugin. -->","yoast_head_json":{"title":"SIP PICARDIE - Soci\u00e9t\u00e9 d&#039;Ing\u00e9nierie Picarde","description":"Soci\u00e9t\u00e9 d'Ing\u00e9nierie Picarde specializes in the development of compact, innovative low-voltage electrical cabinets and customized solutions for your company's automation needs.","robots":{"index":"index","follow":"follow","max-snippet":"max-snippet:-1","max-image-preview":"max-image-preview:large","max-video-preview":"max-video-preview:-1"},"canonical":"https:\/\/entreprise-sip.com\/en\/the-sip-company\/","og_locale":"en_US","og_type":"article","og_title":"SIP PICARDIE - Soci\u00e9t\u00e9 d&#039;Ing\u00e9nierie Picarde","og_description":"Soci\u00e9t\u00e9 d'Ing\u00e9nierie Picarde specializes in the development of compact, innovative low-voltage electrical cabinets and customized solutions for your company's automation needs.","og_url":"https:\/\/entreprise-sip.com\/en\/the-sip-company\/","og_site_name":"SIP PICARDIE - Soci\u00e9t\u00e9 d&#039;Ing\u00e9nierie Picarde","article_modified_time":"2024-04-07T16:33:40+00:00","twitter_card":"summary_large_image","twitter_misc":{"Est. reading time":"6 minutes"},"schema":{"@context":"https:\/\/schema.org","@graph":[{"@type":"WebPage","@id":"https:\/\/entreprise-sip.com\/en\/the-sip-company\/","url":"https:\/\/entreprise-sip.com\/en\/the-sip-company\/","name":"SIP PICARDIE - Soci\u00e9t\u00e9 d&#039;Ing\u00e9nierie Picarde","isPartOf":{"@id":"https:\/\/entreprise-sip.com\/#website"},"datePublished":"2024-04-07T16:33:38+00:00","dateModified":"2024-04-07T16:33:40+00:00","description":"Soci\u00e9t\u00e9 d'Ing\u00e9nierie Picarde specializes in the development of compact, innovative low-voltage electrical cabinets and customized solutions for your company's automation needs.","breadcrumb":{"@id":"https:\/\/entreprise-sip.com\/en\/the-sip-company\/#breadcrumb"},"inLanguage":"en-US","potentialAction":[{"@type":"ReadAction","target":["https:\/\/entreprise-sip.com\/en\/the-sip-company\/"]}]},{"@type":"BreadcrumbList","@id":"https:\/\/entreprise-sip.com\/en\/the-sip-company\/#breadcrumb","itemListElement":[{"@type":"ListItem","position":1,"name":"Accueil","item":"https:\/\/entreprise-sip.com\/en\/?page_id=143"},{"@type":"ListItem","position":2,"name":"The SIP Company"}]},{"@type":"WebSite","@id":"https:\/\/entreprise-sip.com\/#website","url":"https:\/\/entreprise-sip.com\/","name":"SIP PICARDIE - Soci\u00e9t\u00e9 d&#039;Ing\u00e9nierie Picarde","description":"","publisher":{"@id":"https:\/\/entreprise-sip.com\/#organization"},"potentialAction":[{"@type":"SearchAction","target":{"@type":"EntryPoint","urlTemplate":"https:\/\/entreprise-sip.com\/?s={search_term_string}"},"query-input":"required name=search_term_string"}],"inLanguage":"en-US"},{"@type":"Organization","@id":"https:\/\/entreprise-sip.com\/#organization","name":"Soci\u00e9t\u00e9 d\u2019Ing\u00e9nierie Picarde","url":"https:\/\/entreprise-sip.com\/","logo":{"@type":"ImageObject","inLanguage":"en-US","@id":"https:\/\/entreprise-sip.com\/#\/schema\/logo\/image\/","url":"https:\/\/entreprise-sip.com\/wp-content\/uploads\/2021\/10\/black.ai-with-name.png","contentUrl":"https:\/\/entreprise-sip.com\/wp-content\/uploads\/2021\/10\/black.ai-with-name.png","width":2880,"height":1849,"caption":"Soci\u00e9t\u00e9 d\u2019Ing\u00e9nierie Picarde"},"image":{"@id":"https:\/\/entreprise-sip.com\/#\/schema\/logo\/image\/"}}]}},"_links":{"self":[{"href":"https:\/\/entreprise-sip.com\/en\/wp-json\/wp\/v2\/pages\/431","targetHints":{"allow":["GET"]}}],"collection":[{"href":"https:\/\/entreprise-sip.com\/en\/wp-json\/wp\/v2\/pages"}],"about":[{"href":"https:\/\/entreprise-sip.com\/en\/wp-json\/wp\/v2\/types\/page"}],"author":[{"embeddable":true,"href":"https:\/\/entreprise-sip.com\/en\/wp-json\/wp\/v2\/users\/1"}],"replies":[{"embeddable":true,"href":"https:\/\/entreprise-sip.com\/en\/wp-json\/wp\/v2\/comments?post=431"}],"version-history":[{"count":5,"href":"https:\/\/entreprise-sip.com\/en\/wp-json\/wp\/v2\/pages\/431\/revisions"}],"predecessor-version":[{"id":436,"href":"https:\/\/entreprise-sip.com\/en\/wp-json\/wp\/v2\/pages\/431\/revisions\/436"}],"wp:attachment":[{"href":"https:\/\/entreprise-sip.com\/en\/wp-json\/wp\/v2\/media?parent=431"}],"curies":[{"name":"wp","href":"https:\/\/api.w.org\/{rel}","templated":true}]}}