{"id":446,"date":"2024-04-07T18:34:50","date_gmt":"2024-04-07T16:34:50","guid":{"rendered":"https:\/\/entreprise-sip.com\/terms-of-use\/"},"modified":"2024-04-07T18:34:50","modified_gmt":"2024-04-07T16:34:50","slug":"terms-of-use","status":"publish","type":"page","link":"https:\/\/entreprise-sip.com\/en\/terms-of-use\/","title":{"rendered":"Terms of use"},"content":{"rendered":"<p>[et_pb_section fb_built=&#8221;1&#8243; custom_padding_last_edited=&#8221;on|tablet&#8221; _builder_version=&#8221;4.11.3&#8243; _module_preset=&#8221;default&#8221; background_enable_color=&#8221;off&#8221; use_background_color_gradient=&#8221;on&#8221; background_color_gradient_start=&#8221;rgba(23,40,69,0.17)&#8221; background_color_gradient_end=&#8221;rgba(23,40,69,0.17)&#8221; background_color_gradient_overlays_image=&#8221;on&#8221; background_image=&#8221;https:\/\/entreprise-sip.com\/wp-content\/uploads\/2021\/09\/casey-horner-4rDCa5hBlCs-unsplash-scaled-2-scaled-1.jpg&#8221; custom_padding=&#8221;20vh||20vh||true|false&#8221; custom_padding_tablet=&#8221;12vh||12vh||true|false&#8221; custom_padding_phone=&#8221;10vh||10vh||true|false&#8221; global_colors_info=&#8221;{}&#8221; title_text=&#8221;casey-horner-4rDCa5hBlCs-unsplash-scaled-2-scaled-1&#8243;][et_pb_row _builder_version=&#8221;4.9.4&#8243; _module_preset=&#8221;default&#8221; global_colors_info=&#8221;{}&#8221;][et_pb_column type=&#8221;4_4&#8243; _builder_version=&#8221;4.9.4&#8243; _module_preset=&#8221;default&#8221; global_colors_info=&#8221;{}&#8221;][et_pb_text _builder_version=&#8221;4.10.8&#8243; _module_preset=&#8221;default&#8221; header_font=&#8221;Poppins|600||on|||||&#8221; header_text_align=&#8221;center&#8221; header_text_color=&#8221;#FFFFFF&#8221; header_font_size=&#8221;60px&#8221; header_2_font=&#8221;Poppins|600||on|||||&#8221; header_2_text_align=&#8221;center&#8221; header_2_font_size=&#8221;45px&#8221; header_2_letter_spacing=&#8221;1px&#8221; header_2_line_height=&#8221;1.1em&#8221; header_font_size_tablet=&#8221;45px&#8221; header_font_size_phone=&#8221;35px&#8221; header_font_size_last_edited=&#8221;on|phone&#8221; header_2_font_size_tablet=&#8221;40px&#8221; header_2_font_size_phone=&#8221;25px&#8221; header_2_font_size_last_edited=&#8221;on|phone&#8221; header_text_shadow_style=&#8221;preset2&#8243; global_colors_info=&#8221;{}&#8221;]<\/p>\n<h1>Terms of use<\/h1>\n<p>[\/et_pb_text][\/et_pb_column][\/et_pb_row][\/et_pb_section][et_pb_section fb_built=&#8221;1&#8243; _builder_version=&#8221;4.10.8&#8243; _module_preset=&#8221;default&#8221; background_color=&#8221;#0F4C82&#8243; custom_margin=&#8221;0px|0px|0px|0px|false|false&#8221; custom_padding=&#8221;15px||15px||true|false&#8221; global_colors_info=&#8221;{}&#8221;][et_pb_row _builder_version=&#8221;4.9.4&#8243; _module_preset=&#8221;default&#8221; width=&#8221;100%&#8221; max_width=&#8221;2560px&#8221; custom_margin=&#8221;0px|0px|0px|0px|false|false&#8221; custom_padding=&#8221;0px|0px|0px|0px|false|false&#8221; global_colors_info=&#8221;{}&#8221;][et_pb_column type=&#8221;4_4&#8243; _builder_version=&#8221;4.9.4&#8243; _module_preset=&#8221;default&#8221; global_colors_info=&#8221;{}&#8221;][lwp_divi_breadcrumbs home_text=&#8221;Accueil&#8221; link_color=&#8221;#FFFFFF&#8221; separator_color=&#8221;#FFFFFF&#8221; current_text_color=&#8221;#FFFFFF&#8221; _builder_version=&#8221;4.9.10&#8243; _module_preset=&#8221;default&#8221; module_font=&#8221;Poppins|500||on|||||&#8221; module_text_align=&#8221;center&#8221; module_font_size=&#8221;15px&#8221; module_font_size_tablet=&#8221;&#8221; module_font_size_phone=&#8221;14px&#8221; module_font_size_last_edited=&#8221;on|phone&#8221; global_colors_info=&#8221;{}&#8221;][\/lwp_divi_breadcrumbs][\/et_pb_column][\/et_pb_row][\/et_pb_section][et_pb_section fb_built=&#8221;1&#8243; _builder_version=&#8221;4.10.8&#8243; _module_preset=&#8221;default&#8221; background_color=&#8221;#FFFFFF&#8221; custom_margin=&#8221;0vh|0px|0vh|0px|true|false&#8221; custom_padding=&#8221;0vh|0px|0vh|0px|true|false&#8221; global_colors_info=&#8221;{}&#8221;][et_pb_row use_custom_gutter=&#8221;on&#8221; gutter_width=&#8221;1&#8243; make_equal=&#8221;on&#8221; _builder_version=&#8221;4.10.8&#8243; _module_preset=&#8221;default&#8221; width=&#8221;100%&#8221; width_tablet=&#8221;&#8221; width_phone=&#8221;95%&#8221; width_last_edited=&#8221;on|phone&#8221; max_width=&#8221;2860px&#8221; module_alignment=&#8221;center&#8221; custom_margin=&#8221;0px|0px|0px|0px|false|false&#8221; custom_padding=&#8221;0px|0px|0px|0px|false|false&#8221; global_colors_info=&#8221;{}&#8221;][et_pb_column type=&#8221;4_4&#8243; module_class=&#8221;centrer-verticalement&#8221; _builder_version=&#8221;4.10.8&#8243; _module_preset=&#8221;default&#8221; custom_padding=&#8221;10vh|0vh|10vh|0px|true|false&#8221; custom_padding_last_edited=&#8221;off|phone&#8221; global_colors_info=&#8221;{}&#8221;][et_pb_blurb image_max_width=&#8221;95%&#8221; content_max_width=&#8221;900px&#8221; _builder_version=&#8221;4.11.3&#8243; _module_preset=&#8221;default&#8221; header_level=&#8221;h2&#8243; header_font=&#8221;Poppins||||||||&#8221; header_text_align=&#8221;left&#8221; header_text_color=&#8221;#0F4C82&#8243; header_font_size=&#8221;23px&#8221; header_letter_spacing=&#8221;1px&#8221; body_font=&#8221;Montserrat||||||||&#8221; body_text_color=&#8221;#000000&#8243; body_font_size=&#8221;16px&#8221; body_line_height=&#8221;1.5em&#8221; hover_enabled=&#8221;0&#8243; body_font_size_tablet=&#8221;&#8221; body_font_size_phone=&#8221;15px&#8221; body_font_size_last_edited=&#8221;on|phone&#8221; global_colors_info=&#8221;{}&#8221; header_2_font_size_tablet=&#8221;40px&#8221; header_2_font_size_phone=&#8221;25px&#8221; header_2_font_size_last_edited=&#8221;on|phone&#8221; body_orientation_phone=&#8221;left&#8221; body_orientation_last_edited=&#8221;on|phone&#8221; sticky_enabled=&#8221;0&#8243;]<\/p>\n<p>Effective as of 01\/10\/2021<br \/>In accordance with the provisions of Articles 6-III and 19 of Law no. 2004-575 of June 21, 2004 for Confidence in the Digital Economy, known as L.C.E.N., users of the https:\/\/www.entreprise-sip.com website are hereby informed of the present legal notice.<\/p>\n<p>The User&#8217;s connection to and browsing of the site (indicate site name) implies full and unreserved acceptance of the present legal notice.<br \/>These are available on the site under the heading &#8220;Legal information&#8221;.<\/p>\n<h2>ARTICLE 1: THE PUBLISHER<\/h2>\n<p>The https:\/\/www.entreprise-sip.com website is published by SOCIETE D&#8217;INGENIERIE PICARDE, registered in the Beauvais Trade and Companies Register under number 884 034 323, with registered office at 28 RUE DE LA PLACE 60134 VILLERS-SAINT-SEPULCRE, e-mail address: info@entreprise-sip.com.<\/p>\n<p>The person responsible for publication is SOCIETE D&#8217;INGENIERIE PICARDE.<\/p>\n<h2>ARTICLE 2: THE HOST<\/h2>\n<p>The host of the https:\/\/www.entreprise-sip.com website is OVH 2 rue Kellermann 59100 Roubaix &#8211; France.<\/p>\n<h2>ARTICLE 3: ACCESS TO THE SITE<\/h2>\n<p>The site is accessible from any location, 7 days a week, 24 hours a day, except in cases of force majeure, scheduled or unscheduled interruptions and for maintenance purposes.<\/p>\n<p>https:\/\/www.entreprise-sip.com cannot be held responsible for any modification, interruption or suspension of services.<\/p>\n<h2>ARTICLE 4: DATA COLLECTION<\/h2>\n<p>The site ensures that the User&#8217;s personal information is collected and processed with due respect for privacy, in accordance with the French Data Protection Act no. 78-17 of January 6, 1978.<\/p>\n<p>In accordance with the French Data Protection Act of January 6, 1978, Users have the right to access, rectify, delete and oppose their personal data. The User exercises this right :<\/p>\n<ul>\n<li>by e-mail to <a href=\"mailto:info@entreprise-sip.com\">info@entreprise-sip.com<\/a><\/li>\n<li>by post to 28 RUE DE LA PLACE 60134 VILLERS-SAINT-SEPULCRE.<\/li>\n<\/ul>\n<h2>ARTICLE 5: COOKIES<\/h2>\n<p>The User is informed that when visiting the site, a cookie may be automatically installed on his\/her browser.<br \/>By browsing the site, he accepts them.<\/p>\n<p>A cookie is an element that does not allow the User to be identified, but is used to record information relating to the User&#8217;s browsing on the website. The User may deactivate this cookie using the settings in his browser software.<\/p>\n<h2>ARTICLE 6: INTELLECTUAL PROPERTY<\/h2>\n<p>Any use, reproduction, distribution, marketing or modification of all or part of the https:\/\/www.entreprise-sip.com website without the Publisher&#8217;s authorization is prohibited and may result in legal action as provided for in the French Intellectual Property Code and the French Civil Code.<\/p>\n<p>[\/et_pb_blurb][\/et_pb_column][\/et_pb_row][\/et_pb_section]<\/p>\n","protected":false},"excerpt":{"rendered":"<p>Terms of use<div class=\"et_pb_module lwp_divi_breadcrumbs lwp_divi_breadcrumbs_0\">\n\t\t\t\t\n\t\t\t\t\n\t\t\t\t\n\t\t\t\t\n\t\t\t\t\n\t\t\t\t\n\t\t\t\t<div class=\"et_pb_module_inner\">\n\t\t\t\t\t<div class=\"lwp-breadcrumbs\"> <span class=\"before\"><\/span> <span vocab=\"https:\/\/schema.org\/\" typeof=\"BreadcrumbList\"><span property=\"itemListElement\" typeof=\"ListItem\"><a property=\"item\" typeof=\"WebPage\" href=\"https:\/\/entreprise-sip.com\/en\/\" class=\"home\"><span property=\"name\">Accueil<\/span><\/a><meta property=\"position\" content=\"1\"><\/span> <span class=\"separator et-pb-icon\">&#x39;<\/span> <\/span><\/div>\n\t\t\t\t<\/div>\n\t\t\t<\/div>Effective as of 01\/10\/2021In accordance with the provisions of Articles 6-III and 19 of Law no. 2004-575 of June 21, 2004 for Confidence in the Digital Economy, known as L.C.E.N., users of the https:\/\/www.entreprise-sip.com website are hereby informed of the [&hellip;]<\/p>\n","protected":false},"author":1,"featured_media":0,"parent":0,"menu_order":0,"comment_status":"closed","ping_status":"closed","template":"","meta":{"_et_pb_use_builder":"on","_et_pb_old_content":"","_et_gb_content_width":"","inline_featured_image":false,"footnotes":""},"class_list":["post-446","page","type-page","status-publish","hentry"],"yoast_head":"<!-- This site is optimized with the Yoast SEO plugin v22.4 - https:\/\/yoast.com\/wordpress\/plugins\/seo\/ -->\n<title>Terms of use &#8226; SIP PICARDIE - Soci\u00e9t\u00e9 d&#039;Ing\u00e9nierie Picarde<\/title>\n<meta name=\"robots\" content=\"index, follow, max-snippet:-1, max-image-preview:large, max-video-preview:-1\" \/>\n<link rel=\"canonical\" href=\"https:\/\/entreprise-sip.com\/en\/terms-of-use\/\" \/>\n<meta property=\"og:locale\" content=\"en_US\" \/>\n<meta property=\"og:type\" content=\"article\" \/>\n<meta property=\"og:title\" content=\"Terms of use &#8226; SIP PICARDIE - Soci\u00e9t\u00e9 d&#039;Ing\u00e9nierie Picarde\" \/>\n<meta property=\"og:description\" content=\"Terms of useEffective as of 01\/10\/2021In accordance with the provisions of Articles 6-III and 19 of Law no. 2004-575 of June 21, 2004 for Confidence in the Digital Economy, known as L.C.E.N., users of the https:\/\/www.entreprise-sip.com website are hereby informed of the [&hellip;]\" \/>\n<meta property=\"og:url\" content=\"https:\/\/entreprise-sip.com\/en\/terms-of-use\/\" \/>\n<meta property=\"og:site_name\" content=\"SIP PICARDIE - Soci\u00e9t\u00e9 d&#039;Ing\u00e9nierie Picarde\" \/>\n<meta name=\"twitter:card\" content=\"summary_large_image\" \/>\n<meta name=\"twitter:label1\" content=\"Est. reading time\" \/>\n\t<meta name=\"twitter:data1\" content=\"5 minutes\" \/>\n<script type=\"application\/ld+json\" class=\"yoast-schema-graph\">{\"@context\":\"https:\/\/schema.org\",\"@graph\":[{\"@type\":\"WebPage\",\"@id\":\"https:\/\/entreprise-sip.com\/en\/terms-of-use\/\",\"url\":\"https:\/\/entreprise-sip.com\/en\/terms-of-use\/\",\"name\":\"Terms of use &#8226; SIP PICARDIE - Soci\u00e9t\u00e9 d&#039;Ing\u00e9nierie Picarde\",\"isPartOf\":{\"@id\":\"https:\/\/entreprise-sip.com\/#website\"},\"datePublished\":\"2024-04-07T16:34:50+00:00\",\"dateModified\":\"2024-04-07T16:34:50+00:00\",\"breadcrumb\":{\"@id\":\"https:\/\/entreprise-sip.com\/en\/terms-of-use\/#breadcrumb\"},\"inLanguage\":\"en-US\",\"potentialAction\":[{\"@type\":\"ReadAction\",\"target\":[\"https:\/\/entreprise-sip.com\/en\/terms-of-use\/\"]}]},{\"@type\":\"BreadcrumbList\",\"@id\":\"https:\/\/entreprise-sip.com\/en\/terms-of-use\/#breadcrumb\",\"itemListElement\":[{\"@type\":\"ListItem\",\"position\":1,\"name\":\"Accueil\",\"item\":\"https:\/\/entreprise-sip.com\/en\/?page_id=143\"},{\"@type\":\"ListItem\",\"position\":2,\"name\":\"Terms of use\"}]},{\"@type\":\"WebSite\",\"@id\":\"https:\/\/entreprise-sip.com\/#website\",\"url\":\"https:\/\/entreprise-sip.com\/\",\"name\":\"SIP PICARDIE - Soci\u00e9t\u00e9 d&#039;Ing\u00e9nierie Picarde\",\"description\":\"\",\"publisher\":{\"@id\":\"https:\/\/entreprise-sip.com\/#organization\"},\"potentialAction\":[{\"@type\":\"SearchAction\",\"target\":{\"@type\":\"EntryPoint\",\"urlTemplate\":\"https:\/\/entreprise-sip.com\/?s={search_term_string}\"},\"query-input\":\"required name=search_term_string\"}],\"inLanguage\":\"en-US\"},{\"@type\":\"Organization\",\"@id\":\"https:\/\/entreprise-sip.com\/#organization\",\"name\":\"Soci\u00e9t\u00e9 d\u2019Ing\u00e9nierie Picarde\",\"url\":\"https:\/\/entreprise-sip.com\/\",\"logo\":{\"@type\":\"ImageObject\",\"inLanguage\":\"en-US\",\"@id\":\"https:\/\/entreprise-sip.com\/#\/schema\/logo\/image\/\",\"url\":\"https:\/\/entreprise-sip.com\/wp-content\/uploads\/2021\/10\/black.ai-with-name.png\",\"contentUrl\":\"https:\/\/entreprise-sip.com\/wp-content\/uploads\/2021\/10\/black.ai-with-name.png\",\"width\":2880,\"height\":1849,\"caption\":\"Soci\u00e9t\u00e9 d\u2019Ing\u00e9nierie Picarde\"},\"image\":{\"@id\":\"https:\/\/entreprise-sip.com\/#\/schema\/logo\/image\/\"}}]}<\/script>\n<!-- \/ Yoast SEO plugin. -->","yoast_head_json":{"title":"Terms of use &#8226; SIP PICARDIE - Soci\u00e9t\u00e9 d&#039;Ing\u00e9nierie Picarde","robots":{"index":"index","follow":"follow","max-snippet":"max-snippet:-1","max-image-preview":"max-image-preview:large","max-video-preview":"max-video-preview:-1"},"canonical":"https:\/\/entreprise-sip.com\/en\/terms-of-use\/","og_locale":"en_US","og_type":"article","og_title":"Terms of use &#8226; SIP PICARDIE - Soci\u00e9t\u00e9 d&#039;Ing\u00e9nierie Picarde","og_description":"Terms of useEffective as of 01\/10\/2021In accordance with the provisions of Articles 6-III and 19 of Law no. 2004-575 of June 21, 2004 for Confidence in the Digital Economy, known as L.C.E.N., users of the https:\/\/www.entreprise-sip.com website are hereby informed of the [&hellip;]","og_url":"https:\/\/entreprise-sip.com\/en\/terms-of-use\/","og_site_name":"SIP PICARDIE - Soci\u00e9t\u00e9 d&#039;Ing\u00e9nierie Picarde","twitter_card":"summary_large_image","twitter_misc":{"Est. reading time":"5 minutes"},"schema":{"@context":"https:\/\/schema.org","@graph":[{"@type":"WebPage","@id":"https:\/\/entreprise-sip.com\/en\/terms-of-use\/","url":"https:\/\/entreprise-sip.com\/en\/terms-of-use\/","name":"Terms of use &#8226; SIP PICARDIE - Soci\u00e9t\u00e9 d&#039;Ing\u00e9nierie Picarde","isPartOf":{"@id":"https:\/\/entreprise-sip.com\/#website"},"datePublished":"2024-04-07T16:34:50+00:00","dateModified":"2024-04-07T16:34:50+00:00","breadcrumb":{"@id":"https:\/\/entreprise-sip.com\/en\/terms-of-use\/#breadcrumb"},"inLanguage":"en-US","potentialAction":[{"@type":"ReadAction","target":["https:\/\/entreprise-sip.com\/en\/terms-of-use\/"]}]},{"@type":"BreadcrumbList","@id":"https:\/\/entreprise-sip.com\/en\/terms-of-use\/#breadcrumb","itemListElement":[{"@type":"ListItem","position":1,"name":"Accueil","item":"https:\/\/entreprise-sip.com\/en\/?page_id=143"},{"@type":"ListItem","position":2,"name":"Terms of use"}]},{"@type":"WebSite","@id":"https:\/\/entreprise-sip.com\/#website","url":"https:\/\/entreprise-sip.com\/","name":"SIP PICARDIE - Soci\u00e9t\u00e9 d&#039;Ing\u00e9nierie Picarde","description":"","publisher":{"@id":"https:\/\/entreprise-sip.com\/#organization"},"potentialAction":[{"@type":"SearchAction","target":{"@type":"EntryPoint","urlTemplate":"https:\/\/entreprise-sip.com\/?s={search_term_string}"},"query-input":"required name=search_term_string"}],"inLanguage":"en-US"},{"@type":"Organization","@id":"https:\/\/entreprise-sip.com\/#organization","name":"Soci\u00e9t\u00e9 d\u2019Ing\u00e9nierie Picarde","url":"https:\/\/entreprise-sip.com\/","logo":{"@type":"ImageObject","inLanguage":"en-US","@id":"https:\/\/entreprise-sip.com\/#\/schema\/logo\/image\/","url":"https:\/\/entreprise-sip.com\/wp-content\/uploads\/2021\/10\/black.ai-with-name.png","contentUrl":"https:\/\/entreprise-sip.com\/wp-content\/uploads\/2021\/10\/black.ai-with-name.png","width":2880,"height":1849,"caption":"Soci\u00e9t\u00e9 d\u2019Ing\u00e9nierie Picarde"},"image":{"@id":"https:\/\/entreprise-sip.com\/#\/schema\/logo\/image\/"}}]}},"_links":{"self":[{"href":"https:\/\/entreprise-sip.com\/en\/wp-json\/wp\/v2\/pages\/446","targetHints":{"allow":["GET"]}}],"collection":[{"href":"https:\/\/entreprise-sip.com\/en\/wp-json\/wp\/v2\/pages"}],"about":[{"href":"https:\/\/entreprise-sip.com\/en\/wp-json\/wp\/v2\/types\/page"}],"author":[{"embeddable":true,"href":"https:\/\/entreprise-sip.com\/en\/wp-json\/wp\/v2\/users\/1"}],"replies":[{"embeddable":true,"href":"https:\/\/entreprise-sip.com\/en\/wp-json\/wp\/v2\/comments?post=446"}],"version-history":[{"count":2,"href":"https:\/\/entreprise-sip.com\/en\/wp-json\/wp\/v2\/pages\/446\/revisions"}],"predecessor-version":[{"id":448,"href":"https:\/\/entreprise-sip.com\/en\/wp-json\/wp\/v2\/pages\/446\/revisions\/448"}],"wp:attachment":[{"href":"https:\/\/entreprise-sip.com\/en\/wp-json\/wp\/v2\/media?parent=446"}],"curies":[{"name":"wp","href":"https:\/\/api.w.org\/{rel}","templated":true}]}}