{"id":182,"date":"2021-10-06T13:03:30","date_gmt":"2021-10-06T11:03:30","guid":{"rendered":"https:\/\/sip.savoie-ski.fr\/?page_id=182"},"modified":"2024-04-05T17:46:34","modified_gmt":"2024-04-05T15:46:34","slug":"lentreprise","status":"publish","type":"page","link":"https:\/\/entreprise-sip.com\/fr\/lentreprise\/","title":{"rendered":"L&rsquo;Entreprise SIP"},"content":{"rendered":"<p>[et_pb_section fb_built=\u00a0\u00bb1&Prime; custom_padding_last_edited=\u00a0\u00bbon|tablet\u00a0\u00bb _builder_version=\u00a0\u00bb4.16&Prime; _module_preset=\u00a0\u00bbdefault\u00a0\u00bb background_enable_color=\u00a0\u00bboff\u00a0\u00bb use_background_color_gradient=\u00a0\u00bbon\u00a0\u00bb background_color_gradient_stops=\u00a0\u00bbrgba(23,40,69,0.17) 0%|rgba(23,40,69,0.17) 100%\u00a0\u00bb background_color_gradient_overlays_image=\u00a0\u00bbon\u00a0\u00bb background_color_gradient_start=\u00a0\u00bbrgba(23,40,69,0.17)\u00a0\u00bb background_color_gradient_end=\u00a0\u00bbrgba(23,40,69,0.17)\u00a0\u00bb background_image=\u00a0\u00bbhttps:\/\/www.entreprise-sip.com\/wp-content\/uploads\/2021\/10\/verne-ho-0LAJfSNa-xQ-unsplash-scaled.jpg\u00a0\u00bb background_enable_video_mp4=\u00a0\u00bboff\u00a0\u00bb custom_padding=\u00a0\u00bb15vh||15vh||true|false\u00a0\u00bb custom_padding_tablet=\u00a0\u00bb12vh||12vh||true|false\u00a0\u00bb custom_padding_phone=\u00a0\u00bb10vh||10vh||true|false\u00a0\u00bb global_colors_info=\u00a0\u00bb{}\u00a0\u00bb][et_pb_row _builder_version=\u00a0\u00bb4.16&Prime; _module_preset=\u00a0\u00bbdefault\u00a0\u00bb global_colors_info=\u00a0\u00bb{}\u00a0\u00bb][et_pb_column type=\u00a0\u00bb4_4&Prime; _builder_version=\u00a0\u00bb4.16&Prime; _module_preset=\u00a0\u00bbdefault\u00a0\u00bb global_colors_info=\u00a0\u00bb{}\u00a0\u00bb][et_pb_text _builder_version=\u00a0\u00bb4.16&Prime; _module_preset=\u00a0\u00bbdefault\u00a0\u00bb header_font=\u00a0\u00bbPoppins|600||on|||||\u00a0\u00bb header_text_align=\u00a0\u00bbcenter\u00a0\u00bb header_text_color=\u00a0\u00bb#FFFFFF\u00a0\u00bb header_font_size=\u00a0\u00bb60px\u00a0\u00bb header_2_font=\u00a0\u00bbPoppins|600||on|||||\u00a0\u00bb header_2_text_align=\u00a0\u00bbcenter\u00a0\u00bb header_2_font_size=\u00a0\u00bb45px\u00a0\u00bb header_2_letter_spacing=\u00a0\u00bb1px\u00a0\u00bb header_2_line_height=\u00a0\u00bb1.1em\u00a0\u00bb header_font_size_tablet=\u00a0\u00bb45px\u00a0\u00bb header_font_size_phone=\u00a0\u00bb35px\u00a0\u00bb header_font_size_last_edited=\u00a0\u00bbon|phone\u00a0\u00bb header_2_font_size_tablet=\u00a0\u00bb40px\u00a0\u00bb header_2_font_size_phone=\u00a0\u00bb25px\u00a0\u00bb header_2_font_size_last_edited=\u00a0\u00bbon|phone\u00a0\u00bb header_text_shadow_style=\u00a0\u00bbpreset2&Prime; global_colors_info=\u00a0\u00bb{}\u00a0\u00bb]<\/p>\n<h1>L&rsquo;Entreprise<\/h1>\n<p>[\/et_pb_text][\/et_pb_column][\/et_pb_row][\/et_pb_section][et_pb_section fb_built=\u00a0\u00bb1&Prime; _builder_version=\u00a0\u00bb4.16&Prime; _module_preset=\u00a0\u00bbdefault\u00a0\u00bb background_color=\u00a0\u00bb#0F4C82&Prime; custom_margin=\u00a0\u00bb0px|0px|0px|0px|false|false\u00a0\u00bb custom_padding=\u00a0\u00bb15px||15px||true|false\u00a0\u00bb global_colors_info=\u00a0\u00bb{}\u00a0\u00bb][et_pb_row _builder_version=\u00a0\u00bb4.16&Prime; _module_preset=\u00a0\u00bbdefault\u00a0\u00bb width=\u00a0\u00bb100%\u00a0\u00bb max_width=\u00a0\u00bb2560px\u00a0\u00bb custom_margin=\u00a0\u00bb0px|0px|0px|0px|false|false\u00a0\u00bb custom_padding=\u00a0\u00bb0px|0px|0px|0px|false|false\u00a0\u00bb global_colors_info=\u00a0\u00bb{}\u00a0\u00bb][et_pb_column type=\u00a0\u00bb4_4&Prime; _builder_version=\u00a0\u00bb4.16&Prime; _module_preset=\u00a0\u00bbdefault\u00a0\u00bb global_colors_info=\u00a0\u00bb{}\u00a0\u00bb][lwp_divi_breadcrumbs home_text=\u00a0\u00bbAccueil\u00a0\u00bb link_color=\u00a0\u00bb#FFFFFF\u00a0\u00bb separator_color=\u00a0\u00bb#FFFFFF\u00a0\u00bb current_text_color=\u00a0\u00bb#FFFFFF\u00a0\u00bb _builder_version=\u00a0\u00bb4.16&Prime; _module_preset=\u00a0\u00bbdefault\u00a0\u00bb module_font=\u00a0\u00bbPoppins|500||on|||||\u00a0\u00bb module_text_align=\u00a0\u00bbcenter\u00a0\u00bb module_font_size=\u00a0\u00bb15px\u00a0\u00bb module_font_size_tablet=\u00a0\u00bb\u00a0\u00bb module_font_size_phone=\u00a0\u00bb14px\u00a0\u00bb module_font_size_last_edited=\u00a0\u00bbon|phone\u00a0\u00bb global_colors_info=\u00a0\u00bb{}\u00a0\u00bb][\/lwp_divi_breadcrumbs][\/et_pb_column][\/et_pb_row][\/et_pb_section][et_pb_section fb_built=\u00a0\u00bb1&Prime; _builder_version=\u00a0\u00bb4.16&Prime; _module_preset=\u00a0\u00bbdefault\u00a0\u00bb background_color=\u00a0\u00bb#FFFFFF\u00a0\u00bb custom_margin=\u00a0\u00bb3vh|0px|3vh|0px|true|false\u00a0\u00bb custom_padding=\u00a0\u00bb3vh|0px|3vh|0px|true|false\u00a0\u00bb global_colors_info=\u00a0\u00bb{}\u00a0\u00bb][et_pb_row column_structure=\u00a0\u00bb1_2,1_2&Prime; use_custom_gutter=\u00a0\u00bbon\u00a0\u00bb gutter_width=\u00a0\u00bb2&Prime; make_equal=\u00a0\u00bbon\u00a0\u00bb _builder_version=\u00a0\u00bb4.16&Prime; _module_preset=\u00a0\u00bbdefault\u00a0\u00bb width_tablet=\u00a0\u00bb\u00a0\u00bb width_phone=\u00a0\u00bb95%\u00a0\u00bb width_last_edited=\u00a0\u00bbon|phone\u00a0\u00bb max_width=\u00a0\u00bb2560px\u00a0\u00bb global_colors_info=\u00a0\u00bb{}\u00a0\u00bb][et_pb_column type=\u00a0\u00bb1_2&Prime; _builder_version=\u00a0\u00bb4.16&Prime; _module_preset=\u00a0\u00bbdefault\u00a0\u00bb custom_padding=\u00a0\u00bb0vh|2vh|0vh|2vh|true|false\u00a0\u00bb global_colors_info=\u00a0\u00bb{}\u00a0\u00bb][et_pb_image src=\u00a0\u00bbhttps:\/\/www.entreprise-sip.com\/wp-content\/uploads\/2021\/10\/black.ai-with-name.png\u00a0\u00bb title_text=\u00a0\u00bbblack.ai with name\u00a0\u00bb align=\u00a0\u00bbcenter\u00a0\u00bb _builder_version=\u00a0\u00bb4.16&Prime; _module_preset=\u00a0\u00bbdefault\u00a0\u00bb width=\u00a0\u00bb70%\u00a0\u00bb global_colors_info=\u00a0\u00bb{}\u00a0\u00bb][\/et_pb_image][et_pb_text ol_item_indent=\u00a0\u00bb15px\u00a0\u00bb _builder_version=\u00a0\u00bb4.24.2&Prime; _module_preset=\u00a0\u00bbdefault\u00a0\u00bb text_font=\u00a0\u00bbMontserrat||||||||\u00a0\u00bb text_text_color=\u00a0\u00bb#172845&Prime; text_font_size=\u00a0\u00bb16px\u00a0\u00bb text_line_height=\u00a0\u00bb1.5em\u00a0\u00bb text_orientation=\u00a0\u00bbjustified\u00a0\u00bb custom_margin=\u00a0\u00bb0vh||||false|false\u00a0\u00bb hover_enabled=\u00a0\u00bb0&Prime; text_font_size_tablet=\u00a0\u00bb\u00a0\u00bb text_font_size_phone=\u00a0\u00bb15px\u00a0\u00bb text_font_size_last_edited=\u00a0\u00bbon|phone\u00a0\u00bb global_colors_info=\u00a0\u00bb{}\u00a0\u00bb sticky_enabled=\u00a0\u00bb0&Prime;]<\/p>\n<p>La <strong>Soci\u00e9t\u00e9 d\u2019Ing\u00e9nierie Picarde<\/strong> se d\u00e9marque par son expertise dans le d\u00e9veloppement d\u2019armoires \u00e9lectriques basse tension compactes et innovantes, ainsi que par la cr\u00e9ation de solutions sur mesure pour l\u2019automatisation de votre entreprise.<\/p>\n<p>En plus de cela, notre <a href=\"https:\/\/entreprise-sip.com\/fr\/savoir-faire\/\">savoir-faire<\/a> s&rsquo;\u00e9tend de la conception \u00e0 la r\u00e9alisation d&rsquo;\u00e9quipements de production sur mesure, de bancs de tests sp\u00e9cialis\u00e9s, ainsi que \u00e0 l&rsquo;int\u00e9gration de robots industriels et de cam\u00e9ras de vision industrielle.<\/p>\n<p>Nous nous engageons \u00e0 concevoir des solutions adapt\u00e9es \u00e0 vos besoins sp\u00e9cifiques, que ce soit pour optimiser votre processus de production, assurer la qualit\u00e9 de vos produits gr\u00e2ce \u00e0 des tests pr\u00e9cis et fiables, ou pour mettre en place des syst\u00e8mes d&rsquo;automatisation avanc\u00e9s.<\/p>\n<p>De l&rsquo;analyse initiale \u00e0 la mise en service, notre \u00e9quipe travaille en \u00e9troite collaboration avec vous pour fournir des \u00e9quipements et des syst\u00e8mes parfaitement adapt\u00e9s \u00e0 vos exigences.<\/p>\n<p>[\/et_pb_text][et_pb_button button_url=\u00a0\u00bb@ET-DC@eyJkeW5hbWljIjp0cnVlLCJjb250ZW50IjoicG9zdF9saW5rX3VybF9wYWdlIiwic2V0dGluZ3MiOnsicG9zdF9pZCI6IjI0NiJ9fQ==@\u00a0\u00bb button_text=\u00a0\u00bbNous contacter\u00a0\u00bb button_alignment=\u00a0\u00bbcenter\u00a0\u00bb _builder_version=\u00a0\u00bb4.16&Prime; _dynamic_attributes=\u00a0\u00bbbutton_url\u00a0\u00bb _module_preset=\u00a0\u00bbdefault\u00a0\u00bb custom_button=\u00a0\u00bbon\u00a0\u00bb button_text_size=\u00a0\u00bb20px\u00a0\u00bb button_text_color=\u00a0\u00bb#FFFFFF\u00a0\u00bb button_bg_color=\u00a0\u00bb#0071BD\u00a0\u00bb button_border_width=\u00a0\u00bb0px\u00a0\u00bb button_font=\u00a0\u00bbPoppins|600|||||||\u00a0\u00bb custom_margin=\u00a0\u00bb4vh|0px|0px|0px|false|false\u00a0\u00bb custom_padding=\u00a0\u00bb5px|32px|5px|32px|true|true\u00a0\u00bb button_text_size_tablet=\u00a0\u00bb\u00a0\u00bb button_text_size_phone=\u00a0\u00bb17px\u00a0\u00bb button_text_size_last_edited=\u00a0\u00bbon|phone\u00a0\u00bb global_colors_info=\u00a0\u00bb{}\u00a0\u00bb][\/et_pb_button][\/et_pb_column][et_pb_column type=\u00a0\u00bb1_2&Prime; _builder_version=\u00a0\u00bb4.16&Prime; _module_preset=\u00a0\u00bbdefault\u00a0\u00bb background_color=\u00a0\u00bb#0F4C82&Prime; custom_padding=\u00a0\u00bb3vw|2vh|3vw|2vh|true|true\u00a0\u00bb custom_padding_tablet=\u00a0\u00bb7vw||7vw||true|true\u00a0\u00bb custom_padding_phone=\u00a0\u00bb9vw||9vw||true|true\u00a0\u00bb custom_padding_last_edited=\u00a0\u00bbon|phone\u00a0\u00bb global_colors_info=\u00a0\u00bb{}\u00a0\u00bb][et_pb_text _builder_version=\u00a0\u00bb4.16&Prime; _module_preset=\u00a0\u00bbdefault\u00a0\u00bb header_2_font=\u00a0\u00bbPoppins|600||on|||||\u00a0\u00bb header_2_text_align=\u00a0\u00bbcenter\u00a0\u00bb header_2_text_color=\u00a0\u00bb#FFFFFF\u00a0\u00bb header_2_font_size=\u00a0\u00bb45px\u00a0\u00bb header_2_letter_spacing=\u00a0\u00bb1px\u00a0\u00bb header_2_line_height=\u00a0\u00bb1.1em\u00a0\u00bb header_2_font_size_tablet=\u00a0\u00bb40px\u00a0\u00bb header_2_font_size_phone=\u00a0\u00bb25px\u00a0\u00bb header_2_font_size_last_edited=\u00a0\u00bbon|phone\u00a0\u00bb global_colors_info=\u00a0\u00bb{}\u00a0\u00bb]<\/p>\n<h2>SIP en chiffres<\/h2>\n<p>[\/et_pb_text][et_pb_divider color=\u00a0\u00bb#0071BD\u00a0\u00bb divider_style=\u00a0\u00bbdashed\u00a0\u00bb divider_weight=\u00a0\u00bb8px\u00a0\u00bb _builder_version=\u00a0\u00bb4.16&Prime; _module_preset=\u00a0\u00bbdefault\u00a0\u00bb width=\u00a0\u00bb43px\u00a0\u00bb module_alignment=\u00a0\u00bbcenter\u00a0\u00bb global_colors_info=\u00a0\u00bb{}\u00a0\u00bb][\/et_pb_divider][et_pb_number_counter title=\u00a0\u00bbMachines d\u00e9velopp\u00e9es en 2021&Prime; number=\u00a0\u00bb30&Prime; percent_sign=\u00a0\u00bboff\u00a0\u00bb _builder_version=\u00a0\u00bb4.16&Prime; _module_preset=\u00a0\u00bbdefault\u00a0\u00bb title_font=\u00a0\u00bbPoppins|600||on|||||\u00a0\u00bb title_text_align=\u00a0\u00bbcenter\u00a0\u00bb title_text_color=\u00a0\u00bb#0071BD\u00a0\u00bb title_font_size=\u00a0\u00bb20px\u00a0\u00bb number_font=\u00a0\u00bbPoppins|600|||||||\u00a0\u00bb number_text_color=\u00a0\u00bb#FFFFFF\u00a0\u00bb title_font_size_tablet=\u00a0\u00bb\u00a0\u00bb title_font_size_phone=\u00a0\u00bb18px\u00a0\u00bb title_font_size_last_edited=\u00a0\u00bbon|phone\u00a0\u00bb number_font_size_tablet=\u00a0\u00bb\u00a0\u00bb number_font_size_phone=\u00a0\u00bb55px\u00a0\u00bb number_font_size_last_edited=\u00a0\u00bbon|phone\u00a0\u00bb global_colors_info=\u00a0\u00bb{}\u00a0\u00bb][\/et_pb_number_counter][et_pb_number_counter title=\u00a0\u00bbChiffre d&rsquo;affaire en 2021&Prime; number=\u00a0\u00bb+350&Prime; _builder_version=\u00a0\u00bb4.16&Prime; _module_preset=\u00a0\u00bbdefault\u00a0\u00bb title_font=\u00a0\u00bbPoppins|600||on|||||\u00a0\u00bb title_text_align=\u00a0\u00bbcenter\u00a0\u00bb title_text_color=\u00a0\u00bb#0071BD\u00a0\u00bb title_font_size=\u00a0\u00bb20px\u00a0\u00bb number_font=\u00a0\u00bbPoppins|600|||||||\u00a0\u00bb number_text_color=\u00a0\u00bb#FFFFFF\u00a0\u00bb title_font_size_tablet=\u00a0\u00bb\u00a0\u00bb title_font_size_phone=\u00a0\u00bb18px\u00a0\u00bb title_font_size_last_edited=\u00a0\u00bbon|phone\u00a0\u00bb number_font_size_tablet=\u00a0\u00bb\u00a0\u00bb number_font_size_phone=\u00a0\u00bb55px\u00a0\u00bb number_font_size_last_edited=\u00a0\u00bbon|phone\u00a0\u00bb global_colors_info=\u00a0\u00bb{}\u00a0\u00bb][\/et_pb_number_counter][et_pb_number_counter title=\u00a0\u00bbEngag\u00e9s dans vos projets\u00a0\u00bb number=\u00a0\u00bb100&Prime; _builder_version=\u00a0\u00bb4.16&Prime; _module_preset=\u00a0\u00bbdefault\u00a0\u00bb title_font=\u00a0\u00bbPoppins|600||on|||||\u00a0\u00bb title_text_align=\u00a0\u00bbcenter\u00a0\u00bb title_text_color=\u00a0\u00bb#0071BD\u00a0\u00bb title_font_size=\u00a0\u00bb20px\u00a0\u00bb number_font=\u00a0\u00bbPoppins|600|||||||\u00a0\u00bb number_text_color=\u00a0\u00bb#FFFFFF\u00a0\u00bb title_font_size_tablet=\u00a0\u00bb\u00a0\u00bb title_font_size_phone=\u00a0\u00bb18px\u00a0\u00bb title_font_size_last_edited=\u00a0\u00bbon|phone\u00a0\u00bb number_font_size_tablet=\u00a0\u00bb\u00a0\u00bb number_font_size_phone=\u00a0\u00bb55px\u00a0\u00bb number_font_size_last_edited=\u00a0\u00bbon|phone\u00a0\u00bb global_colors_info=\u00a0\u00bb{}\u00a0\u00bb][\/et_pb_number_counter][\/et_pb_column][\/et_pb_row][\/et_pb_section]<\/p>\n","protected":false},"excerpt":{"rendered":"<p>L&rsquo;Entreprise<div class=\"et_pb_module lwp_divi_breadcrumbs lwp_divi_breadcrumbs_0\">\n\t\t\t\t\n\t\t\t\t\n\t\t\t\t\n\t\t\t\t\n\t\t\t\t\n\t\t\t\t\n\t\t\t\t<div class=\"et_pb_module_inner\">\n\t\t\t\t\t<div class=\"lwp-breadcrumbs\"> <span class=\"before\"><\/span> <span vocab=\"https:\/\/schema.org\/\" typeof=\"BreadcrumbList\"><span property=\"itemListElement\" typeof=\"ListItem\"><a property=\"item\" typeof=\"WebPage\" href=\"https:\/\/entreprise-sip.com\/fr\/\" class=\"home\"><span property=\"name\">Accueil<\/span><\/a><meta property=\"position\" content=\"1\"><\/span> <span class=\"separator et-pb-icon\">&#x39;<\/span> <\/span><\/div>\n\t\t\t\t<\/div>\n\t\t\t<\/div>La Soci\u00e9t\u00e9 d\u2019Ing\u00e9nierie Picarde se d\u00e9marque par son expertise dans le d\u00e9veloppement d\u2019armoires \u00e9lectriques basse tension compactes et innovantes, ainsi que par la cr\u00e9ation de solutions sur mesure pour l\u2019automatisation de votre entreprise. En plus de cela, notre savoir-faire s&rsquo;\u00e9tend de la [&hellip;]<\/p>\n","protected":false},"author":1,"featured_media":0,"parent":0,"menu_order":0,"comment_status":"closed","ping_status":"closed","template":"","meta":{"_et_pb_use_builder":"on","_et_pb_old_content":"","_et_gb_content_width":"","inline_featured_image":false,"footnotes":""},"class_list":["post-182","page","type-page","status-publish","hentry"],"yoast_head":"<!-- This site is optimized with the Yoast SEO plugin v22.4 - https:\/\/yoast.com\/wordpress\/plugins\/seo\/ -->\n<title>SIP PICARDIE - Soci\u00e9t\u00e9 d&#039;Ing\u00e9nierie Picarde<\/title>\n<meta name=\"description\" content=\"La Soci\u00e9t\u00e9 d\u2019Ing\u00e9nierie Picarde est sp\u00e9cialis\u00e9e dans le d\u00e9veloppement d\u2019Armoires Electriques basse tension compactes et innovantes ainsi que des solutions sur mesure pour l\u2019automatisation de votre entreprise.\" \/>\n<meta name=\"robots\" content=\"index, follow, max-snippet:-1, max-image-preview:large, max-video-preview:-1\" \/>\n<link rel=\"canonical\" href=\"https:\/\/entreprise-sip.com\/fr\/lentreprise\/\" \/>\n<meta property=\"og:locale\" content=\"fr_FR\" \/>\n<meta property=\"og:type\" content=\"article\" \/>\n<meta property=\"og:title\" content=\"SIP PICARDIE - Soci\u00e9t\u00e9 d&#039;Ing\u00e9nierie Picarde\" \/>\n<meta property=\"og:description\" content=\"La Soci\u00e9t\u00e9 d\u2019Ing\u00e9nierie Picarde est sp\u00e9cialis\u00e9e dans le d\u00e9veloppement d\u2019Armoires Electriques basse tension compactes et innovantes ainsi que des solutions sur mesure pour l\u2019automatisation de votre entreprise.\" \/>\n<meta property=\"og:url\" content=\"https:\/\/entreprise-sip.com\/fr\/lentreprise\/\" \/>\n<meta property=\"og:site_name\" content=\"SIP PICARDIE - Soci\u00e9t\u00e9 d&#039;Ing\u00e9nierie Picarde\" \/>\n<meta property=\"article:modified_time\" content=\"2024-04-05T15:46:34+00:00\" \/>\n<meta name=\"twitter:card\" content=\"summary_large_image\" \/>\n<meta name=\"twitter:label1\" content=\"Dur\u00e9e de lecture estim\u00e9e\" \/>\n\t<meta name=\"twitter:data1\" content=\"2 minutes\" \/>\n<script type=\"application\/ld+json\" class=\"yoast-schema-graph\">{\"@context\":\"https:\/\/schema.org\",\"@graph\":[{\"@type\":\"WebPage\",\"@id\":\"https:\/\/entreprise-sip.com\/fr\/lentreprise\/\",\"url\":\"https:\/\/entreprise-sip.com\/fr\/lentreprise\/\",\"name\":\"SIP PICARDIE - Soci\u00e9t\u00e9 d&#039;Ing\u00e9nierie Picarde\",\"isPartOf\":{\"@id\":\"https:\/\/entreprise-sip.com\/#website\"},\"datePublished\":\"2021-10-06T11:03:30+00:00\",\"dateModified\":\"2024-04-05T15:46:34+00:00\",\"description\":\"La Soci\u00e9t\u00e9 d\u2019Ing\u00e9nierie Picarde est sp\u00e9cialis\u00e9e dans le d\u00e9veloppement d\u2019Armoires Electriques basse tension compactes et innovantes ainsi que des solutions sur mesure pour l\u2019automatisation de votre entreprise.\",\"breadcrumb\":{\"@id\":\"https:\/\/entreprise-sip.com\/fr\/lentreprise\/#breadcrumb\"},\"inLanguage\":\"fr-FR\",\"potentialAction\":[{\"@type\":\"ReadAction\",\"target\":[\"https:\/\/entreprise-sip.com\/fr\/lentreprise\/\"]}]},{\"@type\":\"BreadcrumbList\",\"@id\":\"https:\/\/entreprise-sip.com\/fr\/lentreprise\/#breadcrumb\",\"itemListElement\":[{\"@type\":\"ListItem\",\"position\":1,\"name\":\"Accueil\",\"item\":\"https:\/\/entreprise-sip.com\/fr\/\"},{\"@type\":\"ListItem\",\"position\":2,\"name\":\"L&rsquo;Entreprise SIP\"}]},{\"@type\":\"WebSite\",\"@id\":\"https:\/\/entreprise-sip.com\/#website\",\"url\":\"https:\/\/entreprise-sip.com\/\",\"name\":\"SIP PICARDIE - Soci\u00e9t\u00e9 d&#039;Ing\u00e9nierie Picarde\",\"description\":\"\",\"publisher\":{\"@id\":\"https:\/\/entreprise-sip.com\/#organization\"},\"potentialAction\":[{\"@type\":\"SearchAction\",\"target\":{\"@type\":\"EntryPoint\",\"urlTemplate\":\"https:\/\/entreprise-sip.com\/?s={search_term_string}\"},\"query-input\":\"required name=search_term_string\"}],\"inLanguage\":\"fr-FR\"},{\"@type\":\"Organization\",\"@id\":\"https:\/\/entreprise-sip.com\/#organization\",\"name\":\"Soci\u00e9t\u00e9 d\u2019Ing\u00e9nierie Picarde\",\"url\":\"https:\/\/entreprise-sip.com\/\",\"logo\":{\"@type\":\"ImageObject\",\"inLanguage\":\"fr-FR\",\"@id\":\"https:\/\/entreprise-sip.com\/#\/schema\/logo\/image\/\",\"url\":\"https:\/\/entreprise-sip.com\/wp-content\/uploads\/2021\/10\/black.ai-with-name.png\",\"contentUrl\":\"https:\/\/entreprise-sip.com\/wp-content\/uploads\/2021\/10\/black.ai-with-name.png\",\"width\":2880,\"height\":1849,\"caption\":\"Soci\u00e9t\u00e9 d\u2019Ing\u00e9nierie Picarde\"},\"image\":{\"@id\":\"https:\/\/entreprise-sip.com\/#\/schema\/logo\/image\/\"}}]}<\/script>\n<!-- \/ Yoast SEO plugin. -->","yoast_head_json":{"title":"SIP PICARDIE - Soci\u00e9t\u00e9 d&#039;Ing\u00e9nierie Picarde","description":"La Soci\u00e9t\u00e9 d\u2019Ing\u00e9nierie Picarde est sp\u00e9cialis\u00e9e dans le d\u00e9veloppement d\u2019Armoires Electriques basse tension compactes et innovantes ainsi que des solutions sur mesure pour l\u2019automatisation de votre entreprise.","robots":{"index":"index","follow":"follow","max-snippet":"max-snippet:-1","max-image-preview":"max-image-preview:large","max-video-preview":"max-video-preview:-1"},"canonical":"https:\/\/entreprise-sip.com\/fr\/lentreprise\/","og_locale":"fr_FR","og_type":"article","og_title":"SIP PICARDIE - Soci\u00e9t\u00e9 d&#039;Ing\u00e9nierie Picarde","og_description":"La Soci\u00e9t\u00e9 d\u2019Ing\u00e9nierie Picarde est sp\u00e9cialis\u00e9e dans le d\u00e9veloppement d\u2019Armoires Electriques basse tension compactes et innovantes ainsi que des solutions sur mesure pour l\u2019automatisation de votre entreprise.","og_url":"https:\/\/entreprise-sip.com\/fr\/lentreprise\/","og_site_name":"SIP PICARDIE - Soci\u00e9t\u00e9 d&#039;Ing\u00e9nierie Picarde","article_modified_time":"2024-04-05T15:46:34+00:00","twitter_card":"summary_large_image","twitter_misc":{"Dur\u00e9e de lecture estim\u00e9e":"2 minutes"},"schema":{"@context":"https:\/\/schema.org","@graph":[{"@type":"WebPage","@id":"https:\/\/entreprise-sip.com\/fr\/lentreprise\/","url":"https:\/\/entreprise-sip.com\/fr\/lentreprise\/","name":"SIP PICARDIE - Soci\u00e9t\u00e9 d&#039;Ing\u00e9nierie Picarde","isPartOf":{"@id":"https:\/\/entreprise-sip.com\/#website"},"datePublished":"2021-10-06T11:03:30+00:00","dateModified":"2024-04-05T15:46:34+00:00","description":"La Soci\u00e9t\u00e9 d\u2019Ing\u00e9nierie Picarde est sp\u00e9cialis\u00e9e dans le d\u00e9veloppement d\u2019Armoires Electriques basse tension compactes et innovantes ainsi que des solutions sur mesure pour l\u2019automatisation de votre entreprise.","breadcrumb":{"@id":"https:\/\/entreprise-sip.com\/fr\/lentreprise\/#breadcrumb"},"inLanguage":"fr-FR","potentialAction":[{"@type":"ReadAction","target":["https:\/\/entreprise-sip.com\/fr\/lentreprise\/"]}]},{"@type":"BreadcrumbList","@id":"https:\/\/entreprise-sip.com\/fr\/lentreprise\/#breadcrumb","itemListElement":[{"@type":"ListItem","position":1,"name":"Accueil","item":"https:\/\/entreprise-sip.com\/fr\/"},{"@type":"ListItem","position":2,"name":"L&rsquo;Entreprise SIP"}]},{"@type":"WebSite","@id":"https:\/\/entreprise-sip.com\/#website","url":"https:\/\/entreprise-sip.com\/","name":"SIP PICARDIE - Soci\u00e9t\u00e9 d&#039;Ing\u00e9nierie Picarde","description":"","publisher":{"@id":"https:\/\/entreprise-sip.com\/#organization"},"potentialAction":[{"@type":"SearchAction","target":{"@type":"EntryPoint","urlTemplate":"https:\/\/entreprise-sip.com\/?s={search_term_string}"},"query-input":"required name=search_term_string"}],"inLanguage":"fr-FR"},{"@type":"Organization","@id":"https:\/\/entreprise-sip.com\/#organization","name":"Soci\u00e9t\u00e9 d\u2019Ing\u00e9nierie Picarde","url":"https:\/\/entreprise-sip.com\/","logo":{"@type":"ImageObject","inLanguage":"fr-FR","@id":"https:\/\/entreprise-sip.com\/#\/schema\/logo\/image\/","url":"https:\/\/entreprise-sip.com\/wp-content\/uploads\/2021\/10\/black.ai-with-name.png","contentUrl":"https:\/\/entreprise-sip.com\/wp-content\/uploads\/2021\/10\/black.ai-with-name.png","width":2880,"height":1849,"caption":"Soci\u00e9t\u00e9 d\u2019Ing\u00e9nierie Picarde"},"image":{"@id":"https:\/\/entreprise-sip.com\/#\/schema\/logo\/image\/"}}]}},"_links":{"self":[{"href":"https:\/\/entreprise-sip.com\/fr\/wp-json\/wp\/v2\/pages\/182","targetHints":{"allow":["GET"]}}],"collection":[{"href":"https:\/\/entreprise-sip.com\/fr\/wp-json\/wp\/v2\/pages"}],"about":[{"href":"https:\/\/entreprise-sip.com\/fr\/wp-json\/wp\/v2\/types\/page"}],"author":[{"embeddable":true,"href":"https:\/\/entreprise-sip.com\/fr\/wp-json\/wp\/v2\/users\/1"}],"replies":[{"embeddable":true,"href":"https:\/\/entreprise-sip.com\/fr\/wp-json\/wp\/v2\/comments?post=182"}],"version-history":[{"count":10,"href":"https:\/\/entreprise-sip.com\/fr\/wp-json\/wp\/v2\/pages\/182\/revisions"}],"predecessor-version":[{"id":388,"href":"https:\/\/entreprise-sip.com\/fr\/wp-json\/wp\/v2\/pages\/182\/revisions\/388"}],"wp:attachment":[{"href":"https:\/\/entreprise-sip.com\/fr\/wp-json\/wp\/v2\/media?parent=182"}],"curies":[{"name":"wp","href":"https:\/\/api.w.org\/{rel}","templated":true}]}}