{"id":285,"date":"2021-10-22T11:47:45","date_gmt":"2021-10-22T09:47:45","guid":{"rendered":"https:\/\/sip.savoie-ski.fr\/?page_id=285"},"modified":"2021-10-23T16:51:48","modified_gmt":"2021-10-23T14:51:48","slug":"mentions-legales","status":"publish","type":"page","link":"https:\/\/entreprise-sip.com\/fr\/mentions-legales\/","title":{"rendered":"Mentions l\u00e9gales"},"content":{"rendered":"<p>[et_pb_section fb_built=\u00a0\u00bb1&Prime; custom_padding_last_edited=\u00a0\u00bbon|tablet\u00a0\u00bb _builder_version=\u00a0\u00bb4.11.3&Prime; _module_preset=\u00a0\u00bbdefault\u00a0\u00bb background_enable_color=\u00a0\u00bboff\u00a0\u00bb use_background_color_gradient=\u00a0\u00bbon\u00a0\u00bb background_color_gradient_start=\u00a0\u00bbrgba(23,40,69,0.17)\u00a0\u00bb background_color_gradient_end=\u00a0\u00bbrgba(23,40,69,0.17)\u00a0\u00bb background_color_gradient_overlays_image=\u00a0\u00bbon\u00a0\u00bb background_image=\u00a0\u00bbhttps:\/\/entreprise-sip.com\/wp-content\/uploads\/2021\/09\/casey-horner-4rDCa5hBlCs-unsplash-scaled-2-scaled-1.jpg\u00a0\u00bb custom_padding=\u00a0\u00bb20vh||20vh||true|false\u00a0\u00bb custom_padding_tablet=\u00a0\u00bb12vh||12vh||true|false\u00a0\u00bb custom_padding_phone=\u00a0\u00bb10vh||10vh||true|false\u00a0\u00bb global_colors_info=\u00a0\u00bb{}\u00a0\u00bb title_text=\u00a0\u00bbcasey-horner-4rDCa5hBlCs-unsplash-scaled-2-scaled-1&Prime;][et_pb_row _builder_version=\u00a0\u00bb4.9.4&Prime; _module_preset=\u00a0\u00bbdefault\u00a0\u00bb global_colors_info=\u00a0\u00bb{}\u00a0\u00bb][et_pb_column type=\u00a0\u00bb4_4&Prime; _builder_version=\u00a0\u00bb4.9.4&Prime; _module_preset=\u00a0\u00bbdefault\u00a0\u00bb global_colors_info=\u00a0\u00bb{}\u00a0\u00bb][et_pb_text _builder_version=\u00a0\u00bb4.10.8&Prime; _module_preset=\u00a0\u00bbdefault\u00a0\u00bb header_font=\u00a0\u00bbPoppins|600||on|||||\u00a0\u00bb header_text_align=\u00a0\u00bbcenter\u00a0\u00bb header_text_color=\u00a0\u00bb#FFFFFF\u00a0\u00bb header_font_size=\u00a0\u00bb60px\u00a0\u00bb header_2_font=\u00a0\u00bbPoppins|600||on|||||\u00a0\u00bb header_2_text_align=\u00a0\u00bbcenter\u00a0\u00bb header_2_font_size=\u00a0\u00bb45px\u00a0\u00bb header_2_letter_spacing=\u00a0\u00bb1px\u00a0\u00bb header_2_line_height=\u00a0\u00bb1.1em\u00a0\u00bb header_font_size_tablet=\u00a0\u00bb45px\u00a0\u00bb header_font_size_phone=\u00a0\u00bb35px\u00a0\u00bb header_font_size_last_edited=\u00a0\u00bbon|phone\u00a0\u00bb header_2_font_size_tablet=\u00a0\u00bb40px\u00a0\u00bb header_2_font_size_phone=\u00a0\u00bb25px\u00a0\u00bb header_2_font_size_last_edited=\u00a0\u00bbon|phone\u00a0\u00bb header_text_shadow_style=\u00a0\u00bbpreset2&Prime; global_colors_info=\u00a0\u00bb{}\u00a0\u00bb]<\/p>\n<h1>Mentions l\u00e9gales<\/h1>\n<p>[\/et_pb_text][\/et_pb_column][\/et_pb_row][\/et_pb_section][et_pb_section fb_built=\u00a0\u00bb1&Prime; _builder_version=\u00a0\u00bb4.10.8&Prime; _module_preset=\u00a0\u00bbdefault\u00a0\u00bb background_color=\u00a0\u00bb#0F4C82&Prime; custom_margin=\u00a0\u00bb0px|0px|0px|0px|false|false\u00a0\u00bb custom_padding=\u00a0\u00bb15px||15px||true|false\u00a0\u00bb global_colors_info=\u00a0\u00bb{}\u00a0\u00bb][et_pb_row _builder_version=\u00a0\u00bb4.9.4&Prime; _module_preset=\u00a0\u00bbdefault\u00a0\u00bb width=\u00a0\u00bb100%\u00a0\u00bb max_width=\u00a0\u00bb2560px\u00a0\u00bb custom_margin=\u00a0\u00bb0px|0px|0px|0px|false|false\u00a0\u00bb custom_padding=\u00a0\u00bb0px|0px|0px|0px|false|false\u00a0\u00bb global_colors_info=\u00a0\u00bb{}\u00a0\u00bb][et_pb_column type=\u00a0\u00bb4_4&Prime; _builder_version=\u00a0\u00bb4.9.4&Prime; _module_preset=\u00a0\u00bbdefault\u00a0\u00bb global_colors_info=\u00a0\u00bb{}\u00a0\u00bb][lwp_divi_breadcrumbs home_text=\u00a0\u00bbAccueil\u00a0\u00bb link_color=\u00a0\u00bb#FFFFFF\u00a0\u00bb separator_color=\u00a0\u00bb#FFFFFF\u00a0\u00bb current_text_color=\u00a0\u00bb#FFFFFF\u00a0\u00bb _builder_version=\u00a0\u00bb4.9.10&Prime; _module_preset=\u00a0\u00bbdefault\u00a0\u00bb module_font=\u00a0\u00bbPoppins|500||on|||||\u00a0\u00bb module_text_align=\u00a0\u00bbcenter\u00a0\u00bb module_font_size=\u00a0\u00bb15px\u00a0\u00bb module_font_size_tablet=\u00a0\u00bb\u00a0\u00bb module_font_size_phone=\u00a0\u00bb14px\u00a0\u00bb module_font_size_last_edited=\u00a0\u00bbon|phone\u00a0\u00bb global_colors_info=\u00a0\u00bb{}\u00a0\u00bb][\/lwp_divi_breadcrumbs][\/et_pb_column][\/et_pb_row][\/et_pb_section][et_pb_section fb_built=\u00a0\u00bb1&Prime; _builder_version=\u00a0\u00bb4.10.8&Prime; _module_preset=\u00a0\u00bbdefault\u00a0\u00bb background_color=\u00a0\u00bb#FFFFFF\u00a0\u00bb custom_margin=\u00a0\u00bb0vh|0px|0vh|0px|true|false\u00a0\u00bb custom_padding=\u00a0\u00bb0vh|0px|0vh|0px|true|false\u00a0\u00bb global_colors_info=\u00a0\u00bb{}\u00a0\u00bb][et_pb_row use_custom_gutter=\u00a0\u00bbon\u00a0\u00bb gutter_width=\u00a0\u00bb1&Prime; make_equal=\u00a0\u00bbon\u00a0\u00bb _builder_version=\u00a0\u00bb4.10.8&Prime; _module_preset=\u00a0\u00bbdefault\u00a0\u00bb width=\u00a0\u00bb100%\u00a0\u00bb width_tablet=\u00a0\u00bb\u00a0\u00bb width_phone=\u00a0\u00bb95%\u00a0\u00bb width_last_edited=\u00a0\u00bbon|phone\u00a0\u00bb max_width=\u00a0\u00bb2860px\u00a0\u00bb module_alignment=\u00a0\u00bbcenter\u00a0\u00bb custom_margin=\u00a0\u00bb0px|0px|0px|0px|false|false\u00a0\u00bb custom_padding=\u00a0\u00bb0px|0px|0px|0px|false|false\u00a0\u00bb global_colors_info=\u00a0\u00bb{}\u00a0\u00bb][et_pb_column type=\u00a0\u00bb4_4&Prime; module_class=\u00a0\u00bbcentrer-verticalement\u00a0\u00bb _builder_version=\u00a0\u00bb4.10.8&Prime; _module_preset=\u00a0\u00bbdefault\u00a0\u00bb custom_padding=\u00a0\u00bb10vh|0vh|10vh|0px|true|false\u00a0\u00bb custom_padding_last_edited=\u00a0\u00bboff|phone\u00a0\u00bb global_colors_info=\u00a0\u00bb{}\u00a0\u00bb][et_pb_blurb image_max_width=\u00a0\u00bb95%\u00a0\u00bb content_max_width=\u00a0\u00bb900px\u00a0\u00bb _builder_version=\u00a0\u00bb4.11.3&Prime; _module_preset=\u00a0\u00bbdefault\u00a0\u00bb header_level=\u00a0\u00bbh2&Prime; header_font=\u00a0\u00bbPoppins||||||||\u00a0\u00bb header_text_align=\u00a0\u00bbleft\u00a0\u00bb header_text_color=\u00a0\u00bb#0F4C82&Prime; header_font_size=\u00a0\u00bb23px\u00a0\u00bb header_letter_spacing=\u00a0\u00bb1px\u00a0\u00bb body_font=\u00a0\u00bbMontserrat||||||||\u00a0\u00bb body_text_color=\u00a0\u00bb#000000&Prime; body_font_size=\u00a0\u00bb16px\u00a0\u00bb body_line_height=\u00a0\u00bb1.5em\u00a0\u00bb hover_enabled=\u00a0\u00bb0&Prime; body_font_size_tablet=\u00a0\u00bb\u00a0\u00bb body_font_size_phone=\u00a0\u00bb15px\u00a0\u00bb body_font_size_last_edited=\u00a0\u00bbon|phone\u00a0\u00bb global_colors_info=\u00a0\u00bb{}\u00a0\u00bb header_2_font_size_tablet=\u00a0\u00bb40px\u00a0\u00bb header_2_font_size_phone=\u00a0\u00bb25px\u00a0\u00bb header_2_font_size_last_edited=\u00a0\u00bbon|phone\u00a0\u00bb body_orientation_phone=\u00a0\u00bbleft\u00a0\u00bb body_orientation_last_edited=\u00a0\u00bbon|phone\u00a0\u00bb sticky_enabled=\u00a0\u00bb0&Prime;]<\/p>\n<p>En vigueur au 01\/10\/2021<br \/>Conform\u00e9ment aux dispositions des Articles 6-III et 19 de la Loi n\u00b02004-575 du 21 juin 2004 pour la Confiance dans l\u2019\u00e9conomie num\u00e9rique, dite L.C.E.N., il est port\u00e9 \u00e0 la connaissance des Utilisateurs du site https:\/\/www.entreprise-sip.com les pr\u00e9sentes mentions l\u00e9gales.<\/p>\n<p>La connexion et la navigation sur le site (indiquer le nom du site) par l\u2019Utilisateur implique acceptation int\u00e9grale et sans r\u00e9serve des pr\u00e9sentes mentions l\u00e9gales.<br \/>Ces derni\u00e8res sont accessibles sur le site \u00e0 la rubrique \u00ab Mentions l\u00e9gales \u00bb.<\/p>\n<h2>ARTICLE 1 : L\u2019\u00c9DITEUR<\/h2>\n<p>L\u2019\u00e9dition du site https:\/\/www.entreprise-sip.com est assur\u00e9e par la SOCIETE D&rsquo;INGENIERIE PICARDE, immatricul\u00e9e au RCS de Beauvais sous le num\u00e9ro 884 034 323\u00a0dont le si\u00e8ge social est situ\u00e9 28 RUE DE LA PLACE 60134 VILLERS-SAINT-SEPULCRE, adresse e-mail : info@entreprise-sip.com.<\/p>\n<p>Le Responsable de la publication est  SOCIETE D&rsquo;INGENIERIE PICARDE.<\/p>\n<h2>ARTICLE 2 : L\u2019H\u00c9BERGEUR<\/h2>\n<p>L\u2019h\u00e9bergeur du site https:\/\/www.entreprise-sip.com est la OVH 2 rue Kellermann 59100 Roubaix \u2013 France.<\/p>\n<h2>ARTICLE 3 : ACC\u00c8S AU SITE<\/h2>\n<p>Le site est accessible par tout endroit, 7j\/7, 24h\/24 sauf cas de force majeure, interruption programm\u00e9e ou non et pouvant d\u00e9coulant d\u2019une n\u00e9cessit\u00e9 de maintenance.<\/p>\n<p>En cas de modification, interruption ou suspension des services le site https:\/\/www.entreprise-sip.com ne saurait \u00eatre tenu responsable.<\/p>\n<h2>ARTICLE 4 : COLLECTE DES DONN\u00c9ES<\/h2>\n<p>Le site assure \u00e0 l\u2019Utilisateur une collecte et un traitement d\u2019informations personnelles dans le respect de la vie priv\u00e9e conform\u00e9ment \u00e0 la loi n\u00b078-17 du 6 janvier 1978 relative \u00e0 l\u2019informatique, aux fichiers et aux libert\u00e9s.<\/p>\n<p>En vertu de la loi Informatique et Libert\u00e9s, en date du 6 janvier 1978, l\u2019Utilisateur dispose d\u2019un droit d\u2019acc\u00e8s, de rectification, de suppression et d\u2019opposition de ses donn\u00e9es personnelles. L\u2019Utilisateur exerce ce droit :<\/p>\n<ul>\n<li>par mail \u00e0 l\u2019adresse email\u00a0<a href=\"mailto:info@entreprise-sip.com\">info@entreprise-sip.com<\/a><\/li>\n<li>par voie postale \u00e0 28 RUE DE LA PLACE 60134 VILLERS-SAINT-SEPULCRE.<\/li>\n<\/ul>\n<h2>ARTICLE 5 : COOKIES<\/h2>\n<p>L\u2019Utilisateur est inform\u00e9 que lors de ses visites sur le site, un cookie peut s\u2019installer automatiquement sur son logiciel de navigation.<br \/>En naviguant sur le site, il les accepte.<\/p>\n<p>Un cookie est un \u00e9l\u00e9ment qui ne permet pas d\u2019identifier l\u2019Utilisateur mais sert \u00e0 enregistrer des informations relatives \u00e0 la navigation de celui-ci sur le site Internet. L\u2019Utilisateur pourra d\u00e9sactiver ce cookie par l\u2019interm\u00e9diaire des param\u00e8tres figurant au sein de son logiciel de navigation.<\/p>\n<h2>ARTICLE 6 : PROPRI\u00c9T\u00c9 INTELLECTUELLE<\/h2>\n<p>Toute utilisation, reproduction, diffusion, commercialisation, modification de toute ou partie du site https:\/\/www.entreprise-sip.com, sans autorisation de l\u2019Editeur est prohib\u00e9e et pourra entra\u00een\u00e9e des actions et poursuites judiciaires telles que notamment pr\u00e9vues par le Code de la propri\u00e9t\u00e9 intellectuelle et le Code civil.<\/p>\n<p>[\/et_pb_blurb][\/et_pb_column][\/et_pb_row][\/et_pb_section]<\/p>\n","protected":false},"excerpt":{"rendered":"<p>Mentions l\u00e9gales<div class=\"et_pb_module lwp_divi_breadcrumbs lwp_divi_breadcrumbs_0\">\n\t\t\t\t\n\t\t\t\t\n\t\t\t\t\n\t\t\t\t\n\t\t\t\t\n\t\t\t\t\n\t\t\t\t<div class=\"et_pb_module_inner\">\n\t\t\t\t\t<div class=\"lwp-breadcrumbs\"> <span class=\"before\"><\/span> <span vocab=\"https:\/\/schema.org\/\" typeof=\"BreadcrumbList\"><span property=\"itemListElement\" typeof=\"ListItem\"><a property=\"item\" typeof=\"WebPage\" href=\"https:\/\/entreprise-sip.com\/fr\/\" class=\"home\"><span property=\"name\">Accueil<\/span><\/a><meta property=\"position\" content=\"1\"><\/span> <span class=\"separator et-pb-icon\">&#x39;<\/span> <\/span><\/div>\n\t\t\t\t<\/div>\n\t\t\t<\/div>En vigueur au 01\/10\/2021Conform\u00e9ment aux dispositions des Articles 6-III et 19 de la Loi n\u00b02004-575 du 21 juin 2004 pour la Confiance dans l\u2019\u00e9conomie num\u00e9rique, dite L.C.E.N., il est port\u00e9 \u00e0 la connaissance des Utilisateurs du site https:\/\/www.entreprise-sip.com les pr\u00e9sentes mentions [&hellip;]<\/p>\n","protected":false},"author":1,"featured_media":0,"parent":0,"menu_order":0,"comment_status":"closed","ping_status":"closed","template":"","meta":{"_et_pb_use_builder":"on","_et_pb_old_content":"","_et_gb_content_width":"","inline_featured_image":false,"footnotes":""},"class_list":["post-285","page","type-page","status-publish","hentry"],"yoast_head":"<!-- This site is optimized with the Yoast SEO plugin v22.4 - https:\/\/yoast.com\/wordpress\/plugins\/seo\/ -->\n<title>Mentions l\u00e9gales &#8226; SIP PICARDIE - Soci\u00e9t\u00e9 d&#039;Ing\u00e9nierie Picarde<\/title>\n<meta name=\"robots\" content=\"index, follow, max-snippet:-1, max-image-preview:large, max-video-preview:-1\" \/>\n<link rel=\"canonical\" href=\"https:\/\/entreprise-sip.com\/fr\/mentions-legales\/\" \/>\n<meta property=\"og:locale\" content=\"fr_FR\" \/>\n<meta property=\"og:type\" content=\"article\" \/>\n<meta property=\"og:title\" content=\"Mentions l\u00e9gales &#8226; SIP PICARDIE - Soci\u00e9t\u00e9 d&#039;Ing\u00e9nierie Picarde\" \/>\n<meta property=\"og:description\" content=\"Mentions l\u00e9galesEn vigueur au 01\/10\/2021Conform\u00e9ment aux dispositions des Articles 6-III et 19 de la Loi n\u00b02004-575 du 21 juin 2004 pour la Confiance dans l\u2019\u00e9conomie num\u00e9rique, dite L.C.E.N., il est port\u00e9 \u00e0 la connaissance des Utilisateurs du site https:\/\/www.entreprise-sip.com les pr\u00e9sentes mentions [&hellip;]\" \/>\n<meta property=\"og:url\" content=\"https:\/\/entreprise-sip.com\/fr\/mentions-legales\/\" \/>\n<meta property=\"og:site_name\" content=\"SIP PICARDIE - Soci\u00e9t\u00e9 d&#039;Ing\u00e9nierie Picarde\" \/>\n<meta property=\"article:modified_time\" content=\"2021-10-23T14:51:48+00:00\" \/>\n<meta name=\"twitter:card\" content=\"summary_large_image\" \/>\n<meta name=\"twitter:label1\" content=\"Dur\u00e9e de lecture estim\u00e9e\" \/>\n\t<meta name=\"twitter:data1\" content=\"3 minutes\" \/>\n<script type=\"application\/ld+json\" class=\"yoast-schema-graph\">{\"@context\":\"https:\/\/schema.org\",\"@graph\":[{\"@type\":\"WebPage\",\"@id\":\"https:\/\/entreprise-sip.com\/fr\/mentions-legales\/\",\"url\":\"https:\/\/entreprise-sip.com\/fr\/mentions-legales\/\",\"name\":\"Mentions l\u00e9gales &#8226; SIP PICARDIE - Soci\u00e9t\u00e9 d&#039;Ing\u00e9nierie Picarde\",\"isPartOf\":{\"@id\":\"https:\/\/entreprise-sip.com\/#website\"},\"datePublished\":\"2021-10-22T09:47:45+00:00\",\"dateModified\":\"2021-10-23T14:51:48+00:00\",\"breadcrumb\":{\"@id\":\"https:\/\/entreprise-sip.com\/fr\/mentions-legales\/#breadcrumb\"},\"inLanguage\":\"fr-FR\",\"potentialAction\":[{\"@type\":\"ReadAction\",\"target\":[\"https:\/\/entreprise-sip.com\/fr\/mentions-legales\/\"]}]},{\"@type\":\"BreadcrumbList\",\"@id\":\"https:\/\/entreprise-sip.com\/fr\/mentions-legales\/#breadcrumb\",\"itemListElement\":[{\"@type\":\"ListItem\",\"position\":1,\"name\":\"Accueil\",\"item\":\"https:\/\/entreprise-sip.com\/fr\/\"},{\"@type\":\"ListItem\",\"position\":2,\"name\":\"Mentions l\u00e9gales\"}]},{\"@type\":\"WebSite\",\"@id\":\"https:\/\/entreprise-sip.com\/#website\",\"url\":\"https:\/\/entreprise-sip.com\/\",\"name\":\"SIP PICARDIE - Soci\u00e9t\u00e9 d&#039;Ing\u00e9nierie Picarde\",\"description\":\"\",\"publisher\":{\"@id\":\"https:\/\/entreprise-sip.com\/#organization\"},\"potentialAction\":[{\"@type\":\"SearchAction\",\"target\":{\"@type\":\"EntryPoint\",\"urlTemplate\":\"https:\/\/entreprise-sip.com\/?s={search_term_string}\"},\"query-input\":\"required name=search_term_string\"}],\"inLanguage\":\"fr-FR\"},{\"@type\":\"Organization\",\"@id\":\"https:\/\/entreprise-sip.com\/#organization\",\"name\":\"Soci\u00e9t\u00e9 d\u2019Ing\u00e9nierie Picarde\",\"url\":\"https:\/\/entreprise-sip.com\/\",\"logo\":{\"@type\":\"ImageObject\",\"inLanguage\":\"fr-FR\",\"@id\":\"https:\/\/entreprise-sip.com\/#\/schema\/logo\/image\/\",\"url\":\"https:\/\/entreprise-sip.com\/wp-content\/uploads\/2021\/10\/black.ai-with-name.png\",\"contentUrl\":\"https:\/\/entreprise-sip.com\/wp-content\/uploads\/2021\/10\/black.ai-with-name.png\",\"width\":2880,\"height\":1849,\"caption\":\"Soci\u00e9t\u00e9 d\u2019Ing\u00e9nierie Picarde\"},\"image\":{\"@id\":\"https:\/\/entreprise-sip.com\/#\/schema\/logo\/image\/\"}}]}<\/script>\n<!-- \/ Yoast SEO plugin. -->","yoast_head_json":{"title":"Mentions l\u00e9gales &#8226; SIP PICARDIE - Soci\u00e9t\u00e9 d&#039;Ing\u00e9nierie Picarde","robots":{"index":"index","follow":"follow","max-snippet":"max-snippet:-1","max-image-preview":"max-image-preview:large","max-video-preview":"max-video-preview:-1"},"canonical":"https:\/\/entreprise-sip.com\/fr\/mentions-legales\/","og_locale":"fr_FR","og_type":"article","og_title":"Mentions l\u00e9gales &#8226; SIP PICARDIE - Soci\u00e9t\u00e9 d&#039;Ing\u00e9nierie Picarde","og_description":"Mentions l\u00e9galesEn vigueur au 01\/10\/2021Conform\u00e9ment aux dispositions des Articles 6-III et 19 de la Loi n\u00b02004-575 du 21 juin 2004 pour la Confiance dans l\u2019\u00e9conomie num\u00e9rique, dite L.C.E.N., il est port\u00e9 \u00e0 la connaissance des Utilisateurs du site https:\/\/www.entreprise-sip.com les pr\u00e9sentes mentions [&hellip;]","og_url":"https:\/\/entreprise-sip.com\/fr\/mentions-legales\/","og_site_name":"SIP PICARDIE - Soci\u00e9t\u00e9 d&#039;Ing\u00e9nierie Picarde","article_modified_time":"2021-10-23T14:51:48+00:00","twitter_card":"summary_large_image","twitter_misc":{"Dur\u00e9e de lecture estim\u00e9e":"3 minutes"},"schema":{"@context":"https:\/\/schema.org","@graph":[{"@type":"WebPage","@id":"https:\/\/entreprise-sip.com\/fr\/mentions-legales\/","url":"https:\/\/entreprise-sip.com\/fr\/mentions-legales\/","name":"Mentions l\u00e9gales &#8226; SIP PICARDIE - Soci\u00e9t\u00e9 d&#039;Ing\u00e9nierie Picarde","isPartOf":{"@id":"https:\/\/entreprise-sip.com\/#website"},"datePublished":"2021-10-22T09:47:45+00:00","dateModified":"2021-10-23T14:51:48+00:00","breadcrumb":{"@id":"https:\/\/entreprise-sip.com\/fr\/mentions-legales\/#breadcrumb"},"inLanguage":"fr-FR","potentialAction":[{"@type":"ReadAction","target":["https:\/\/entreprise-sip.com\/fr\/mentions-legales\/"]}]},{"@type":"BreadcrumbList","@id":"https:\/\/entreprise-sip.com\/fr\/mentions-legales\/#breadcrumb","itemListElement":[{"@type":"ListItem","position":1,"name":"Accueil","item":"https:\/\/entreprise-sip.com\/fr\/"},{"@type":"ListItem","position":2,"name":"Mentions l\u00e9gales"}]},{"@type":"WebSite","@id":"https:\/\/entreprise-sip.com\/#website","url":"https:\/\/entreprise-sip.com\/","name":"SIP PICARDIE - Soci\u00e9t\u00e9 d&#039;Ing\u00e9nierie Picarde","description":"","publisher":{"@id":"https:\/\/entreprise-sip.com\/#organization"},"potentialAction":[{"@type":"SearchAction","target":{"@type":"EntryPoint","urlTemplate":"https:\/\/entreprise-sip.com\/?s={search_term_string}"},"query-input":"required name=search_term_string"}],"inLanguage":"fr-FR"},{"@type":"Organization","@id":"https:\/\/entreprise-sip.com\/#organization","name":"Soci\u00e9t\u00e9 d\u2019Ing\u00e9nierie Picarde","url":"https:\/\/entreprise-sip.com\/","logo":{"@type":"ImageObject","inLanguage":"fr-FR","@id":"https:\/\/entreprise-sip.com\/#\/schema\/logo\/image\/","url":"https:\/\/entreprise-sip.com\/wp-content\/uploads\/2021\/10\/black.ai-with-name.png","contentUrl":"https:\/\/entreprise-sip.com\/wp-content\/uploads\/2021\/10\/black.ai-with-name.png","width":2880,"height":1849,"caption":"Soci\u00e9t\u00e9 d\u2019Ing\u00e9nierie Picarde"},"image":{"@id":"https:\/\/entreprise-sip.com\/#\/schema\/logo\/image\/"}}]}},"_links":{"self":[{"href":"https:\/\/entreprise-sip.com\/fr\/wp-json\/wp\/v2\/pages\/285","targetHints":{"allow":["GET"]}}],"collection":[{"href":"https:\/\/entreprise-sip.com\/fr\/wp-json\/wp\/v2\/pages"}],"about":[{"href":"https:\/\/entreprise-sip.com\/fr\/wp-json\/wp\/v2\/types\/page"}],"author":[{"embeddable":true,"href":"https:\/\/entreprise-sip.com\/fr\/wp-json\/wp\/v2\/users\/1"}],"replies":[{"embeddable":true,"href":"https:\/\/entreprise-sip.com\/fr\/wp-json\/wp\/v2\/comments?post=285"}],"version-history":[{"count":3,"href":"https:\/\/entreprise-sip.com\/fr\/wp-json\/wp\/v2\/pages\/285\/revisions"}],"predecessor-version":[{"id":368,"href":"https:\/\/entreprise-sip.com\/fr\/wp-json\/wp\/v2\/pages\/285\/revisions\/368"}],"wp:attachment":[{"href":"https:\/\/entreprise-sip.com\/fr\/wp-json\/wp\/v2\/media?parent=285"}],"curies":[{"name":"wp","href":"https:\/\/api.w.org\/{rel}","templated":true}]}}